{"id":4833,"date":"2020-06-23T09:41:20","date_gmt":"2020-06-23T09:41:20","guid":{"rendered":"https:\/\/be.alfasigma.com\/__trashed\/ons-doel\/"},"modified":"2025-03-21T14:13:28","modified_gmt":"2025-03-21T14:13:28","slug":"notre-objectif","status":"publish","type":"page","link":"https:\/\/be.alfasigma.com\/fr\/a-propos-de-nous\/notre-objectif\/","title":{"rendered":"Notre objectif"},"content":{"rendered":"\t\t<div data-elementor-type=\"wp-page\" data-elementor-id=\"4833\" class=\"elementor elementor-4833 elementor-1271\" data-elementor-post-type=\"page\">\n\t\t\t\t\t\t<section data-particle_enable=\"false\" data-particle-mobile-disabled=\"false\" class=\"elementor-section elementor-top-section elementor-element elementor-element-f2a4cc0 elementor-section-stretched elementor-section-height-min-height elementor-section-items-top elementor-section-boxed elementor-section-height-default\" data-id=\"f2a4cc0\" data-element_type=\"section\" data-e-type=\"section\" data-settings=\"{&quot;stretch_section&quot;:&quot;section-stretched&quot;,&quot;background_background&quot;:&quot;classic&quot;}\">\n\t\t\t\t\t\t\t<div class=\"elementor-background-overlay\"><\/div>\n\t\t\t\t\t\t\t<div class=\"elementor-container elementor-column-gap-default\">\n\t\t\t\t\t<div class=\"elementor-column elementor-col-100 elementor-top-column elementor-element elementor-element-9bf0525\" data-id=\"9bf0525\" data-element_type=\"column\" data-e-type=\"column\">\n\t\t\t<div class=\"elementor-widget-wrap elementor-element-populated\">\n\t\t\t\t\t\t<div class=\"elementor-element elementor-element-11d1e2d text-white font-weight-normal elementor-invisible elementor-widget elementor-widget-heading\" data-id=\"11d1e2d\" data-element_type=\"widget\" data-e-type=\"widget\" data-settings=\"{&quot;_animation&quot;:&quot;slideInLeft&quot;}\" data-widget_type=\"heading.default\">\n\t\t\t\t<div class=\"elementor-widget-container\">\n\t\t\t\t\t<p class=\"elementor-heading-title elementor-size-default\">A propos de nous \/ Notre objectif<\/p>\t\t\t\t<\/div>\n\t\t\t\t<\/div>\n\t\t\t\t<div class=\"elementor-element elementor-element-0e2b855 text-white elementor-invisible elementor-widget elementor-widget-heading\" data-id=\"0e2b855\" data-element_type=\"widget\" data-e-type=\"widget\" data-settings=\"{&quot;_animation&quot;:&quot;slideInLeft&quot;}\" data-widget_type=\"heading.default\">\n\t\t\t\t<div class=\"elementor-widget-container\">\n\t\t\t\t\t<h1 class=\"elementor-heading-title elementor-size-default\">Anim\u00e9 par la Passion\n<\/h1>\t\t\t\t<\/div>\n\t\t\t\t<\/div>\n\t\t\t\t\t<\/div>\n\t\t<\/div>\n\t\t\t\t\t<\/div>\n\t\t<\/section>\n\t\t\t\t<section data-particle_enable=\"false\" data-particle-mobile-disabled=\"false\" class=\"elementor-section elementor-top-section elementor-element elementor-element-ed5fb1f elementor-section-boxed elementor-section-height-default elementor-section-height-default\" data-id=\"ed5fb1f\" data-element_type=\"section\" data-e-type=\"section\">\n\t\t\t\t\t\t<div class=\"elementor-container elementor-column-gap-default\">\n\t\t\t\t\t<div class=\"elementor-column elementor-col-100 elementor-top-column elementor-element elementor-element-34e7c43 elementor-invisible\" data-id=\"34e7c43\" data-element_type=\"column\" data-e-type=\"column\" data-settings=\"{&quot;animation&quot;:&quot;fadeIn&quot;}\">\n\t\t\t<div class=\"elementor-widget-wrap elementor-element-populated\">\n\t\t\t\t\t\t<div class=\"elementor-element elementor-element-8460a8a text-third elementor-widget elementor-widget-text-editor\" data-id=\"8460a8a\" data-element_type=\"widget\" data-e-type=\"widget\" data-widget_type=\"text-editor.default\">\n\t\t\t\t<div class=\"elementor-widget-container\">\n\t\t\t\t\t\t\t\t\t<p>Notre objectif vise une meilleure sant\u00e9 et une meilleure qualit\u00e9 de vie pour les patients, les soignants et les fournisseurs de soins de sant\u00e9. Servir les patients est notre motivation et nous sommes anim\u00e9s par l\u2019am\u00e9lioration de leur vie.<\/p><p>Alfasigma a l\u2019ambition de devenir l\u2019une des principales entreprises sp\u00e9cialis\u00e9es d\u2019ici 2025, en prenant soin des patients dans le monde entier dans des domaines th\u00e9rapeutiques tels que la gastroent\u00e9rologie et les maladies vasculaires.<\/p><p><span style=\"font-weight: var( --e-global-typography-text-font-weight );\">Notre culture repose sur trois valeurs fondamentales : l\u2019Int\u00e9grit\u00e9, la T\u00e9nacit\u00e9 et la Passion, qui nous inspirent dans tout ce que nous faisons.<\/span><\/p><p><span style=\"font-weight: var( --e-global-typography-text-font-weight );\">Au centre de notre histoire se trouve la PASSION.<br \/><\/span><em style=\"font-weight: var( --e-global-typography-text-font-weight );\">Pharmaceuticals with passion<\/em><span style=\"font-weight: var( --e-global-typography-text-font-weight );\"> est la motivation de notre entreprise : cela signifie que les collaborateurs d\u2019alfasigma ont toujours \u00e9t\u00e9 \u2013 et seront toujours \u2013 anim\u00e9s par la passion dans ce qu\u2019ils font.\u00a0<br \/><\/span><em style=\"font-weight: var( --e-global-typography-text-font-weight );\">Pharmaceuticals with passion<\/em><span style=\"font-weight: var( --e-global-typography-text-font-weight );\"> a pour objectif la sant\u00e9 des gens.<br \/><\/span><em style=\"font-weight: var( --e-global-typography-text-font-weight );\">Pharmaceutical with passion<\/em><span style=\"font-weight: var( --e-global-typography-text-font-weight );\"> signifie donner le meilleur de soi-m\u00eame et constitue la raison pour laquelle nous nous investissons dans notre travail.<br \/><\/span><em style=\"font-weight: var( --e-global-typography-text-font-weight );\">Pharmaceuticals with Passion<\/em><span style=\"font-weight: var( --e-global-typography-text-font-weight );\"> c\u2019est servir les m\u00e9decins, les pharmaciens, les professionnels de sant\u00e9, les payeurs, les patients et nos collaborateurs. C\u2019est ainsi que nous nous impliquons, avec notre c\u0153ur et notre esprit. C\u2019est ainsi que nous faisons la diff\u00e9rence afin que nos patients puissent r\u00eaver grand et vivre la vie au maximum.<\/span><\/p>\t\t\t\t\t\t\t\t<\/div>\n\t\t\t\t<\/div>\n\t\t\t\t\t<\/div>\n\t\t<\/div>\n\t\t\t\t\t<\/div>\n\t\t<\/section>\n\t\t\t\t<section data-particle_enable=\"false\" data-particle-mobile-disabled=\"false\" class=\"elementor-section elementor-top-section elementor-element elementor-element-d6dba9c bg-primary elementor-section-boxed elementor-section-height-default elementor-section-height-default\" data-id=\"d6dba9c\" data-element_type=\"section\" data-e-type=\"section\">\n\t\t\t\t\t\t<div class=\"elementor-container elementor-column-gap-extended\">\n\t\t\t\t\t<div class=\"elementor-column elementor-col-100 elementor-top-column elementor-element elementor-element-04d3c9e elementor-invisible\" data-id=\"04d3c9e\" data-element_type=\"column\" data-e-type=\"column\" data-settings=\"{&quot;animation&quot;:&quot;fadeIn&quot;}\">\n\t\t\t<div class=\"elementor-widget-wrap elementor-element-populated\">\n\t\t\t\t\t\t<div class=\"elementor-element elementor-element-46fd1d2 elementor-widget elementor-widget-heading\" data-id=\"46fd1d2\" data-element_type=\"widget\" data-e-type=\"widget\" data-widget_type=\"heading.default\">\n\t\t\t\t<div class=\"elementor-widget-container\">\n\t\t\t\t\t<h3 class=\"elementor-heading-title elementor-size-default\">Plus d'info<\/h3>\t\t\t\t<\/div>\n\t\t\t\t<\/div>\n\t\t\t\t\t<\/div>\n\t\t<\/div>\n\t\t\t\t\t<\/div>\n\t\t<\/section>\n\t\t\t\t<section data-particle_enable=\"false\" data-particle-mobile-disabled=\"false\" class=\"elementor-section elementor-top-section elementor-element elementor-element-b464e3c bg-primary elementor-section-boxed elementor-section-height-default elementor-section-height-default\" data-id=\"b464e3c\" data-element_type=\"section\" data-e-type=\"section\" data-settings=\"{&quot;animation&quot;:&quot;none&quot;}\">\n\t\t\t\t\t\t<div class=\"elementor-container elementor-column-gap-extended\">\n\t\t\t\t\t<div class=\"elementor-column elementor-col-33 elementor-top-column elementor-element elementor-element-fdb857c elementor-invisible\" data-id=\"fdb857c\" data-element_type=\"column\" data-e-type=\"column\" data-settings=\"{&quot;animation&quot;:&quot;zoomIn&quot;}\">\n\t\t\t<div class=\"elementor-widget-wrap elementor-element-populated\">\n\t\t\t\t\t\t<div class=\"elementor-element elementor-element-6be78d2 elementor-cta--skin-classic elementor-animated-content elementor-bg-transform elementor-bg-transform-zoom-in elementor-widget elementor-widget-call-to-action\" data-id=\"6be78d2\" data-element_type=\"widget\" data-e-type=\"widget\" data-widget_type=\"call-to-action.default\">\n\t\t\t\t<div class=\"elementor-widget-container\">\n\t\t\t\t\t\t\t<a class=\"elementor-cta\" href=\"https:\/\/be.alfasigma.com\/a-propos-de-nous\/valeurs-culturelles\/?lang=fr\">\n\t\t\t\t\t<div class=\"elementor-cta__bg-wrapper\">\n\t\t\t\t<div class=\"elementor-cta__bg elementor-bg\" style=\"background-image: url(https:\/\/be.alfasigma.com\/wp-content\/uploads\/2020\/07\/Ourpeople_RM_1920x1080.jpg);\" role=\"img\" aria-label=\"Ourpeople_RM_1920x1080\"><\/div>\n\t\t\t\t<div class=\"elementor-cta__bg-overlay\"><\/div>\n\t\t\t<\/div>\n\t\t\t\t\t\t\t\t<\/a>\n\t\t\t\t\t\t<\/div>\n\t\t\t\t<\/div>\n\t\t\t\t<div class=\"elementor-element elementor-element-4b7a89b elementor-widget elementor-widget-heading\" data-id=\"4b7a89b\" data-element_type=\"widget\" data-e-type=\"widget\" data-widget_type=\"heading.default\">\n\t\t\t\t<div class=\"elementor-widget-container\">\n\t\t\t\t\t<h4 class=\"elementor-heading-title elementor-size-default\"><a href=\"https:\/\/be.alfasigma.com\/a-propos-de-nous\/valeurs-culturelles\/?lang=fr\">Valeurs culturelles <\/a><\/h4>\t\t\t\t<\/div>\n\t\t\t\t<\/div>\n\t\t\t\t<div class=\"elementor-element elementor-element-202d6c0 elementor-widget elementor-widget-text-editor\" data-id=\"202d6c0\" data-element_type=\"widget\" data-e-type=\"widget\" data-widget_type=\"text-editor.default\">\n\t\t\t\t<div class=\"elementor-widget-container\">\n\t\t\t\t\t\t\t\t\tNotre culture repose sur trois valeurs fondamentales : l\u2019Int\u00e9grit\u00e9, la T\u00e9nacit\u00e9 et la Passion. \t\t\t\t\t\t\t\t<\/div>\n\t\t\t\t<\/div>\n\t\t\t\t\t<\/div>\n\t\t<\/div>\n\t\t\t\t<div class=\"elementor-column elementor-col-33 elementor-top-column elementor-element elementor-element-94e84da elementor-invisible\" data-id=\"94e84da\" data-element_type=\"column\" data-e-type=\"column\" data-settings=\"{&quot;animation&quot;:&quot;zoomIn&quot;}\">\n\t\t\t<div class=\"elementor-widget-wrap elementor-element-populated\">\n\t\t\t\t\t\t<div class=\"elementor-element elementor-element-1f50cc9 elementor-cta--skin-classic elementor-animated-content elementor-bg-transform elementor-bg-transform-zoom-in elementor-widget elementor-widget-call-to-action\" data-id=\"1f50cc9\" data-element_type=\"widget\" data-e-type=\"widget\" data-widget_type=\"call-to-action.default\">\n\t\t\t\t<div class=\"elementor-widget-container\">\n\t\t\t\t\t\t\t<a class=\"elementor-cta\" href=\"https:\/\/be.alfasigma.com\/a-propos-de-nous\/leadership-model\/?lang=fr\">\n\t\t\t\t\t<div class=\"elementor-cta__bg-wrapper\">\n\t\t\t\t<div class=\"elementor-cta__bg elementor-bg\" style=\"background-image: url(https:\/\/be.alfasigma.com\/wp-content\/uploads\/2020\/06\/02B-cover_Leadership-model_1920x1080-scaled.jpg);\" role=\"img\" aria-label=\"02B-cover_Leadership-model_1920x1080\"><\/div>\n\t\t\t\t<div class=\"elementor-cta__bg-overlay\"><\/div>\n\t\t\t<\/div>\n\t\t\t\t\t\t\t\t<\/a>\n\t\t\t\t\t\t<\/div>\n\t\t\t\t<\/div>\n\t\t\t\t<div class=\"elementor-element elementor-element-99282e2 elementor-widget elementor-widget-heading\" data-id=\"99282e2\" data-element_type=\"widget\" data-e-type=\"widget\" data-widget_type=\"heading.default\">\n\t\t\t\t<div class=\"elementor-widget-container\">\n\t\t\t\t\t<h4 class=\"elementor-heading-title elementor-size-default\"><a href=\"https:\/\/be.alfasigma.com\/a-propos-de-nous\/leadership-model\/?lang=fr\">Leadership Model<\/a><\/h4>\t\t\t\t<\/div>\n\t\t\t\t<\/div>\n\t\t\t\t<div class=\"elementor-element elementor-element-e5779ac elementor-widget elementor-widget-text-editor\" data-id=\"e5779ac\" data-element_type=\"widget\" data-e-type=\"widget\" data-widget_type=\"text-editor.default\">\n\t\t\t\t<div class=\"elementor-widget-container\">\n\t\t\t\t\t\t\t\t\t<p>En 2019, Alfasigma a lanc\u00e9 un nouveau mod\u00e8le de Leadership o\u00f9 5 piliers constituent la base de nos activit\u00e9s quotidiennes.<\/p>\t\t\t\t\t\t\t\t<\/div>\n\t\t\t\t<\/div>\n\t\t\t\t\t<\/div>\n\t\t<\/div>\n\t\t\t\t<div class=\"elementor-column elementor-col-33 elementor-top-column elementor-element elementor-element-421c8eb elementor-invisible\" data-id=\"421c8eb\" data-element_type=\"column\" data-e-type=\"column\" data-settings=\"{&quot;animation&quot;:&quot;zoomIn&quot;}\">\n\t\t\t<div class=\"elementor-widget-wrap elementor-element-populated\">\n\t\t\t\t\t\t<div class=\"elementor-element elementor-element-5ea334f elementor-cta--skin-classic elementor-animated-content elementor-bg-transform elementor-bg-transform-zoom-in elementor-widget elementor-widget-call-to-action\" data-id=\"5ea334f\" data-element_type=\"widget\" data-e-type=\"widget\" data-widget_type=\"call-to-action.default\">\n\t\t\t\t<div class=\"elementor-widget-container\">\n\t\t\t\t\t\t\t<a class=\"elementor-cta\" href=\"https:\/\/be.alfasigma.com\/rse\/?lang=fr\">\n\t\t\t\t\t<div class=\"elementor-cta__bg-wrapper\">\n\t\t\t\t<div class=\"elementor-cta__bg elementor-bg\" style=\"background-image: url(https:\/\/be.alfasigma.com\/wp-content\/uploads\/2025\/03\/GettyImages-1173734083.jpg);\" role=\"img\" aria-label=\"GettyImages-1173734083\"><\/div>\n\t\t\t\t<div class=\"elementor-cta__bg-overlay\"><\/div>\n\t\t\t<\/div>\n\t\t\t\t\t\t\t\t<\/a>\n\t\t\t\t\t\t<\/div>\n\t\t\t\t<\/div>\n\t\t\t\t<div class=\"elementor-element elementor-element-8f8dfd2 elementor-widget elementor-widget-heading\" data-id=\"8f8dfd2\" data-element_type=\"widget\" data-e-type=\"widget\" data-widget_type=\"heading.default\">\n\t\t\t\t<div class=\"elementor-widget-container\">\n\t\t\t\t\t<h4 class=\"elementor-heading-title elementor-size-default\"><a href=\"https:\/\/be.alfasigma.com\/rse\/?lang=fr\">Responsabilit\u00e9 Soci\u00e9tale de l\u2019Entreprise (RSE) <\/a><\/h4>\t\t\t\t<\/div>\n\t\t\t\t<\/div>\n\t\t\t\t<div class=\"elementor-element elementor-element-b6b00ac elementor-widget elementor-widget-text-editor\" data-id=\"b6b00ac\" data-element_type=\"widget\" data-e-type=\"widget\" data-widget_type=\"text-editor.default\">\n\t\t\t\t<div class=\"elementor-widget-container\">\n\t\t\t\t\t\t\t\t\t<p>Pendant la crise du COVID-19, nous avons encourag\u00e9 et soutenu les travailleurs humanitaires par de nombreuses initiatives dans le monde entier.<\/p>\t\t\t\t\t\t\t\t<\/div>\n\t\t\t\t<\/div>\n\t\t\t\t\t<\/div>\n\t\t<\/div>\n\t\t\t\t\t<\/div>\n\t\t<\/section>\n\t\t\t\t<\/div>\n\t\t","protected":false},"excerpt":{"rendered":"<p>A propos de nous \/ Notre objectif Anim\u00e9 par la Passion Notre objectif vise une meilleure sant\u00e9 et une meilleure qualit\u00e9 de vie pour les patients, les soignants et les fournisseurs de soins de sant\u00e9. Servir les patients est notre motivation et nous sommes anim\u00e9s par l\u2019am\u00e9lioration de leur vie. Alfasigma a l\u2019ambition de devenir &hellip; <a href=\"https:\/\/be.alfasigma.com\/fr\/a-propos-de-nous\/notre-objectif\/\">Continued<\/a><\/p>\n","protected":false},"author":1,"featured_media":4606,"parent":4799,"menu_order":0,"comment_status":"closed","ping_status":"closed","template":"views\/template-custom.blade.php","meta":{"_acf_changed":false,"footnotes":""},"class_list":["post-4833","page","type-page","status-publish","has-post-thumbnail","hentry"],"acf":[],"yoast_head":"<!-- This site is optimized with the Yoast SEO plugin v27.3 - https:\/\/yoast.com\/product\/yoast-seo-wordpress\/ -->\n<title>Alfasigma BE - Notre objectif<\/title>\n<meta name=\"robots\" content=\"index,follow\" \/>\n<link rel=\"canonical\" href=\"https:\/\/be.alfasigma.com\/fr\/a-propos-de-nous\/notre-objectif\/\" \/>\n<meta property=\"og:locale\" content=\"fr_FR\" \/>\n<meta property=\"og:type\" content=\"article\" \/>\n<meta property=\"og:title\" content=\"Alfasigma BE - Notre objectif\" \/>\n<meta property=\"og:description\" content=\"A propos de nous \/ Notre objectif Anim\u00e9 par la Passion Notre objectif vise une meilleure sant\u00e9 et une meilleure qualit\u00e9 de vie pour les patients, les soignants et les fournisseurs de soins de sant\u00e9. Servir les patients est notre motivation et nous sommes anim\u00e9s par l\u2019am\u00e9lioration de leur vie. Alfasigma a l\u2019ambition de devenir &hellip; Continued\" \/>\n<meta property=\"og:url\" content=\"https:\/\/be.alfasigma.com\/fr\/a-propos-de-nous\/notre-objectif\/\" \/>\n<meta property=\"og:site_name\" content=\"Alfasigma BE\" \/>\n<meta property=\"article:modified_time\" content=\"2025-03-21T14:13:28+00:00\" \/>\n<meta property=\"og:image\" content=\"https:\/\/be.alfasigma.com\/wp-content\/uploads\/2020\/07\/ALANNO_1001_FOTO_NICCOLO_BIDDAU-dida-ok-1.jpg\" \/>\n\t<meta property=\"og:image:width\" content=\"1920\" \/>\n\t<meta property=\"og:image:height\" content=\"1080\" \/>\n\t<meta property=\"og:image:type\" content=\"image\/jpeg\" \/>\n<meta name=\"twitter:card\" content=\"summary_large_image\" \/>\n<meta name=\"twitter:label1\" content=\"Dur\u00e9e de lecture estim\u00e9e\" \/>\n\t<meta name=\"twitter:data1\" content=\"2 minutes\" \/>\n<script type=\"application\/ld+json\" class=\"yoast-schema-graph\">{\"@context\":\"https:\\\/\\\/schema.org\",\"@graph\":[{\"@type\":\"WebPage\",\"@id\":\"https:\\\/\\\/be.alfasigma.com\\\/fr\\\/a-propos-de-nous\\\/notre-objectif\\\/\",\"url\":\"https:\\\/\\\/be.alfasigma.com\\\/fr\\\/a-propos-de-nous\\\/notre-objectif\\\/\",\"name\":\"Alfasigma BE - Notre objectif\",\"isPartOf\":{\"@id\":\"https:\\\/\\\/be.alfasigma.com\\\/nl\\\/#website\"},\"primaryImageOfPage\":{\"@id\":\"https:\\\/\\\/be.alfasigma.com\\\/fr\\\/a-propos-de-nous\\\/notre-objectif\\\/#primaryimage\"},\"image\":{\"@id\":\"https:\\\/\\\/be.alfasigma.com\\\/fr\\\/a-propos-de-nous\\\/notre-objectif\\\/#primaryimage\"},\"thumbnailUrl\":\"https:\\\/\\\/be.alfasigma.com\\\/wp-content\\\/uploads\\\/2020\\\/07\\\/ALANNO_1001_FOTO_NICCOLO_BIDDAU-dida-ok-1.jpg\",\"datePublished\":\"2020-06-23T09:41:20+00:00\",\"dateModified\":\"2025-03-21T14:13:28+00:00\",\"breadcrumb\":{\"@id\":\"https:\\\/\\\/be.alfasigma.com\\\/fr\\\/a-propos-de-nous\\\/notre-objectif\\\/#breadcrumb\"},\"inLanguage\":\"fr-FR\",\"potentialAction\":[{\"@type\":\"ReadAction\",\"target\":[\"https:\\\/\\\/be.alfasigma.com\\\/fr\\\/a-propos-de-nous\\\/notre-objectif\\\/\"]}]},{\"@type\":\"ImageObject\",\"inLanguage\":\"fr-FR\",\"@id\":\"https:\\\/\\\/be.alfasigma.com\\\/fr\\\/a-propos-de-nous\\\/notre-objectif\\\/#primaryimage\",\"url\":\"https:\\\/\\\/be.alfasigma.com\\\/wp-content\\\/uploads\\\/2020\\\/07\\\/ALANNO_1001_FOTO_NICCOLO_BIDDAU-dida-ok-1.jpg\",\"contentUrl\":\"https:\\\/\\\/be.alfasigma.com\\\/wp-content\\\/uploads\\\/2020\\\/07\\\/ALANNO_1001_FOTO_NICCOLO_BIDDAU-dida-ok-1.jpg\",\"width\":1920,\"height\":1080},{\"@type\":\"BreadcrumbList\",\"@id\":\"https:\\\/\\\/be.alfasigma.com\\\/fr\\\/a-propos-de-nous\\\/notre-objectif\\\/#breadcrumb\",\"itemListElement\":[{\"@type\":\"ListItem\",\"position\":1,\"name\":\"Home\",\"item\":\"https:\\\/\\\/be.alfasigma.com\\\/fr\\\/\"},{\"@type\":\"ListItem\",\"position\":2,\"name\":\"A propos de nous\",\"item\":\"https:\\\/\\\/be.alfasigma.com\\\/fr\\\/a-propos-de-nous\\\/\"},{\"@type\":\"ListItem\",\"position\":3,\"name\":\"Notre objectif\"}]},{\"@type\":\"WebSite\",\"@id\":\"https:\\\/\\\/be.alfasigma.com\\\/nl\\\/#website\",\"url\":\"https:\\\/\\\/be.alfasigma.com\\\/nl\\\/\",\"name\":\"Alfasigma BE\",\"description\":\"Pharmaceuticals with passion\",\"potentialAction\":[{\"@type\":\"SearchAction\",\"target\":{\"@type\":\"EntryPoint\",\"urlTemplate\":\"https:\\\/\\\/be.alfasigma.com\\\/nl\\\/?s={search_term_string}\"},\"query-input\":{\"@type\":\"PropertyValueSpecification\",\"valueRequired\":true,\"valueName\":\"search_term_string\"}}],\"inLanguage\":\"fr-FR\"}]}<\/script>\n<!-- \/ Yoast SEO plugin. -->","yoast_head_json":{"title":"Alfasigma BE - Notre objectif","robots":{"index,follow":"index,follow"},"canonical":"https:\/\/be.alfasigma.com\/fr\/a-propos-de-nous\/notre-objectif\/","og_locale":"fr_FR","og_type":"article","og_title":"Alfasigma BE - Notre objectif","og_description":"A propos de nous \/ Notre objectif Anim\u00e9 par la Passion Notre objectif vise une meilleure sant\u00e9 et une meilleure qualit\u00e9 de vie pour les patients, les soignants et les fournisseurs de soins de sant\u00e9. Servir les patients est notre motivation et nous sommes anim\u00e9s par l\u2019am\u00e9lioration de leur vie. Alfasigma a l\u2019ambition de devenir &hellip; Continued","og_url":"https:\/\/be.alfasigma.com\/fr\/a-propos-de-nous\/notre-objectif\/","og_site_name":"Alfasigma BE","article_modified_time":"2025-03-21T14:13:28+00:00","og_image":[{"width":1920,"height":1080,"url":"https:\/\/be.alfasigma.com\/wp-content\/uploads\/2020\/07\/ALANNO_1001_FOTO_NICCOLO_BIDDAU-dida-ok-1.jpg","type":"image\/jpeg"}],"twitter_card":"summary_large_image","twitter_misc":{"Dur\u00e9e de lecture estim\u00e9e":"2 minutes"},"schema":{"@context":"https:\/\/schema.org","@graph":[{"@type":"WebPage","@id":"https:\/\/be.alfasigma.com\/fr\/a-propos-de-nous\/notre-objectif\/","url":"https:\/\/be.alfasigma.com\/fr\/a-propos-de-nous\/notre-objectif\/","name":"Alfasigma BE - Notre objectif","isPartOf":{"@id":"https:\/\/be.alfasigma.com\/nl\/#website"},"primaryImageOfPage":{"@id":"https:\/\/be.alfasigma.com\/fr\/a-propos-de-nous\/notre-objectif\/#primaryimage"},"image":{"@id":"https:\/\/be.alfasigma.com\/fr\/a-propos-de-nous\/notre-objectif\/#primaryimage"},"thumbnailUrl":"https:\/\/be.alfasigma.com\/wp-content\/uploads\/2020\/07\/ALANNO_1001_FOTO_NICCOLO_BIDDAU-dida-ok-1.jpg","datePublished":"2020-06-23T09:41:20+00:00","dateModified":"2025-03-21T14:13:28+00:00","breadcrumb":{"@id":"https:\/\/be.alfasigma.com\/fr\/a-propos-de-nous\/notre-objectif\/#breadcrumb"},"inLanguage":"fr-FR","potentialAction":[{"@type":"ReadAction","target":["https:\/\/be.alfasigma.com\/fr\/a-propos-de-nous\/notre-objectif\/"]}]},{"@type":"ImageObject","inLanguage":"fr-FR","@id":"https:\/\/be.alfasigma.com\/fr\/a-propos-de-nous\/notre-objectif\/#primaryimage","url":"https:\/\/be.alfasigma.com\/wp-content\/uploads\/2020\/07\/ALANNO_1001_FOTO_NICCOLO_BIDDAU-dida-ok-1.jpg","contentUrl":"https:\/\/be.alfasigma.com\/wp-content\/uploads\/2020\/07\/ALANNO_1001_FOTO_NICCOLO_BIDDAU-dida-ok-1.jpg","width":1920,"height":1080},{"@type":"BreadcrumbList","@id":"https:\/\/be.alfasigma.com\/fr\/a-propos-de-nous\/notre-objectif\/#breadcrumb","itemListElement":[{"@type":"ListItem","position":1,"name":"Home","item":"https:\/\/be.alfasigma.com\/fr\/"},{"@type":"ListItem","position":2,"name":"A propos de nous","item":"https:\/\/be.alfasigma.com\/fr\/a-propos-de-nous\/"},{"@type":"ListItem","position":3,"name":"Notre objectif"}]},{"@type":"WebSite","@id":"https:\/\/be.alfasigma.com\/nl\/#website","url":"https:\/\/be.alfasigma.com\/nl\/","name":"Alfasigma BE","description":"Pharmaceuticals with passion","potentialAction":[{"@type":"SearchAction","target":{"@type":"EntryPoint","urlTemplate":"https:\/\/be.alfasigma.com\/nl\/?s={search_term_string}"},"query-input":{"@type":"PropertyValueSpecification","valueRequired":true,"valueName":"search_term_string"}}],"inLanguage":"fr-FR"}]}},"_links":{"self":[{"href":"https:\/\/be.alfasigma.com\/fr\/wp-json\/wp\/v2\/pages\/4833","targetHints":{"allow":["GET"]}}],"collection":[{"href":"https:\/\/be.alfasigma.com\/fr\/wp-json\/wp\/v2\/pages"}],"about":[{"href":"https:\/\/be.alfasigma.com\/fr\/wp-json\/wp\/v2\/types\/page"}],"author":[{"embeddable":true,"href":"https:\/\/be.alfasigma.com\/fr\/wp-json\/wp\/v2\/users\/1"}],"replies":[{"embeddable":true,"href":"https:\/\/be.alfasigma.com\/fr\/wp-json\/wp\/v2\/comments?post=4833"}],"version-history":[{"count":43,"href":"https:\/\/be.alfasigma.com\/fr\/wp-json\/wp\/v2\/pages\/4833\/revisions"}],"predecessor-version":[{"id":6460,"href":"https:\/\/be.alfasigma.com\/fr\/wp-json\/wp\/v2\/pages\/4833\/revisions\/6460"}],"up":[{"embeddable":true,"href":"https:\/\/be.alfasigma.com\/fr\/wp-json\/wp\/v2\/pages\/4799"}],"wp:featuredmedia":[{"embeddable":true,"href":"https:\/\/be.alfasigma.com\/fr\/wp-json\/wp\/v2\/media\/4606"}],"wp:attachment":[{"href":"https:\/\/be.alfasigma.com\/fr\/wp-json\/wp\/v2\/media?parent=4833"}],"curies":[{"name":"wp","href":"https:\/\/api.w.org\/{rel}","templated":true}]}}