{"id":4868,"date":"2020-06-23T09:49:24","date_gmt":"2020-06-23T09:49:24","guid":{"rendered":"https:\/\/be.alfasigma.com\/a-propos-de-nous\/culturele-waarden\/"},"modified":"2025-03-21T14:13:45","modified_gmt":"2025-03-21T14:13:45","slug":"valeurs-culturelles","status":"publish","type":"page","link":"https:\/\/be.alfasigma.com\/fr\/a-propos-de-nous\/valeurs-culturelles\/","title":{"rendered":"Valeurs Culturelles"},"content":{"rendered":"\t\t<div data-elementor-type=\"wp-page\" data-elementor-id=\"4868\" class=\"elementor elementor-4868 elementor-1275\" data-elementor-post-type=\"page\">\n\t\t\t\t\t\t<section data-particle_enable=\"false\" data-particle-mobile-disabled=\"false\" class=\"elementor-section elementor-top-section elementor-element elementor-element-f2a4cc0 elementor-section-stretched elementor-section-height-min-height elementor-section-items-top elementor-section-boxed elementor-section-height-default\" data-id=\"f2a4cc0\" data-element_type=\"section\" data-e-type=\"section\" data-settings=\"{&quot;stretch_section&quot;:&quot;section-stretched&quot;,&quot;background_background&quot;:&quot;classic&quot;}\">\n\t\t\t\t\t\t\t<div class=\"elementor-background-overlay\"><\/div>\n\t\t\t\t\t\t\t<div class=\"elementor-container elementor-column-gap-default\">\n\t\t\t\t\t<div class=\"elementor-column elementor-col-100 elementor-top-column elementor-element elementor-element-9bf0525\" data-id=\"9bf0525\" data-element_type=\"column\" data-e-type=\"column\">\n\t\t\t<div class=\"elementor-widget-wrap elementor-element-populated\">\n\t\t\t\t\t\t<div class=\"elementor-element elementor-element-11d1e2d text-white font-weight-normal elementor-invisible elementor-widget elementor-widget-heading\" data-id=\"11d1e2d\" data-element_type=\"widget\" data-e-type=\"widget\" data-settings=\"{&quot;_animation&quot;:&quot;slideInLeft&quot;}\" data-widget_type=\"heading.default\">\n\t\t\t\t<div class=\"elementor-widget-container\">\n\t\t\t\t\t<p class=\"elementor-heading-title elementor-size-default\">A propos de nous \/ Valeurs culturelles <\/p>\t\t\t\t<\/div>\n\t\t\t\t<\/div>\n\t\t\t\t<div class=\"elementor-element elementor-element-0e2b855 text-white elementor-invisible elementor-widget elementor-widget-heading\" data-id=\"0e2b855\" data-element_type=\"widget\" data-e-type=\"widget\" data-settings=\"{&quot;_animation&quot;:&quot;slideInLeft&quot;}\" data-widget_type=\"heading.default\">\n\t\t\t\t<div class=\"elementor-widget-container\">\n\t\t\t\t\t<h1 class=\"elementor-heading-title elementor-size-default\">Int\u00e9grit\u00e9, T\u00e9nacit\u00e9 et Passion<\/h1>\t\t\t\t<\/div>\n\t\t\t\t<\/div>\n\t\t\t\t\t<\/div>\n\t\t<\/div>\n\t\t\t\t\t<\/div>\n\t\t<\/section>\n\t\t\t\t<section data-particle_enable=\"false\" data-particle-mobile-disabled=\"false\" class=\"elementor-section elementor-top-section elementor-element elementor-element-ed5fb1f elementor-section-boxed elementor-section-height-default elementor-section-height-default\" data-id=\"ed5fb1f\" data-element_type=\"section\" data-e-type=\"section\">\n\t\t\t\t\t\t<div class=\"elementor-container elementor-column-gap-default\">\n\t\t\t\t\t<div class=\"elementor-column elementor-col-100 elementor-top-column elementor-element elementor-element-34e7c43 elementor-invisible\" data-id=\"34e7c43\" data-element_type=\"column\" data-e-type=\"column\" data-settings=\"{&quot;animation&quot;:&quot;fadeIn&quot;}\">\n\t\t\t<div class=\"elementor-widget-wrap elementor-element-populated\">\n\t\t\t\t\t\t<div class=\"elementor-element elementor-element-94c11e0 elementor-widget elementor-widget-text-editor\" data-id=\"94c11e0\" data-element_type=\"widget\" data-e-type=\"widget\" data-widget_type=\"text-editor.default\">\n\t\t\t\t<div class=\"elementor-widget-container\">\n\t\t\t\t\t\t\t\t\t<p><span lang=\"fr\">Notre culture repose sur trois valeurs fondamentales : l\u2019Int\u00e9grit\u00e9, la T\u00e9nacit\u00e9 et la Passion. <\/span><\/p><p><span lang=\"IT\" style=\"font-family: 'Calibri',sans-serif; mso-ascii-theme-font: major-latin; mso-hansi-theme-font: major-latin; mso-bidi-font-family: 'Times New Roman'; mso-bidi-theme-font: minor-bidi;\">\u00a0<\/span><b><span lang=\"fr\">L\u2019int\u00e9grit\u00e9<\/span><\/b><span lang=\"fr\" style=\"font-weight: var( --e-global-typography-text-font-weight );\"> signifie que nous demandons \u00e0 nos employ\u00e9s, managers et collaborateurs d\u2019op\u00e9rer de mani\u00e8re transparente, respectueuse et honn\u00eate et d\u2019\u00eatre toujours responsables de leurs actions. Aucun compromis sur l\u2019int\u00e9grit\u00e9 signifie que nous voulons garder notre r\u00e9putation d\u2019une entreprise constitu\u00e9e par des personnes honn\u00eates et fiables.<\/span><\/p><p><span lang=\"IT\" style=\"font-family: 'Calibri',sans-serif; mso-ascii-theme-font: major-latin; mso-hansi-theme-font: major-latin; mso-bidi-font-family: 'Times New Roman'; mso-bidi-theme-font: minor-bidi;\">\u00a0<\/span><b><span lang=\"fr\">La t\u00e9nacit\u00e9<\/span><\/b><span lang=\"fr\" style=\"font-weight: var( --e-global-typography-text-font-weight );\"> est illustr\u00e9e par cette devise : \u00ab N\u2019abandonnez jamais ! \u00bb. Nous exigeons de chacun une approche pers\u00e9v\u00e9rante et tenace dans tous les projets et activit\u00e9s. Notre histoire est profond\u00e9ment enracin\u00e9e dans la t\u00e9nacit\u00e9 incarn\u00e9e par nos collaborateurs. Il en va de m\u00eame pour certains de nos produits qui ont fait preuve d\u2019une extr\u00eame r\u00e9silience au cours de ces plus de 70 derni\u00e8res ann\u00e9es.<\/span><\/p><p><span lang=\"IT\" style=\"font-family: 'Calibri',sans-serif; mso-ascii-theme-font: major-latin; mso-hansi-theme-font: major-latin; mso-bidi-font-family: 'Times New Roman'; mso-bidi-theme-font: minor-bidi;\">\u00a0<\/span><b><span lang=\"fr\">\u00ab Pharmaceuticals with passion \u00bb<\/span><\/b><span lang=\"fr\" style=\"font-weight: var( --e-global-typography-text-font-weight );\"> est notre motivation. Nous sommes profond\u00e9ment convaincus que les collaborateurs ne peuvent aller plus loin que s\u2019ils font leur travail avec passion. Passion dans tout ce que nous faisons, passion pour nos produits et leur effet sur les patients. Passion comme \u00ab\u00a0made in\u00a0\u00bb.<\/span><\/p><p><span lang=\"fr\">Nous exigeons\u00a0que nos collaborateurs croient en nos valeurs d\u2019entreprise. Nous avons d\u00e9fini\u00a0un ensemble de comportements qui repr\u00e9sentent une boussole pour la prise de\u00a0d\u00e9cision et facilitent l\u2019exercice du r\u00f4le de chacun au sein de l\u2019entreprise. Mis\u00a0en pratique avec coh\u00e9rence et proactivit\u00e9, le <a href=\"https:\/\/be.alfasigma.com\/a-propos-de-nous\/leadership-model\/?lang=fr\"><b><u>mod\u00e8le de leadership<\/u><\/b><\/a>\u00a0permet ainsi d\u2019affiner les comp\u00e9tences, de d\u00e9velopper les\u00a0talents et d\u2019am\u00e9liorer la contribution individuelle de chacun.<\/span><\/p>\t\t\t\t\t\t\t\t<\/div>\n\t\t\t\t<\/div>\n\t\t\t\t\t<\/div>\n\t\t<\/div>\n\t\t\t\t\t<\/div>\n\t\t<\/section>\n\t\t\t\t<section data-particle_enable=\"false\" data-particle-mobile-disabled=\"false\" class=\"elementor-section elementor-top-section elementor-element elementor-element-d6dba9c bg-primary elementor-section-boxed elementor-section-height-default elementor-section-height-default\" data-id=\"d6dba9c\" data-element_type=\"section\" data-e-type=\"section\">\n\t\t\t\t\t\t<div class=\"elementor-container elementor-column-gap-extended\">\n\t\t\t\t\t<div class=\"elementor-column elementor-col-100 elementor-top-column elementor-element elementor-element-04d3c9e elementor-invisible\" data-id=\"04d3c9e\" data-element_type=\"column\" data-e-type=\"column\" data-settings=\"{&quot;animation&quot;:&quot;fadeIn&quot;}\">\n\t\t\t<div class=\"elementor-widget-wrap elementor-element-populated\">\n\t\t\t\t\t\t<div class=\"elementor-element elementor-element-46fd1d2 elementor-widget elementor-widget-heading\" data-id=\"46fd1d2\" data-element_type=\"widget\" data-e-type=\"widget\" data-widget_type=\"heading.default\">\n\t\t\t\t<div class=\"elementor-widget-container\">\n\t\t\t\t\t<h3 class=\"elementor-heading-title elementor-size-default\">Plus d'info<\/h3>\t\t\t\t<\/div>\n\t\t\t\t<\/div>\n\t\t\t\t\t<\/div>\n\t\t<\/div>\n\t\t\t\t\t<\/div>\n\t\t<\/section>\n\t\t\t\t<section data-particle_enable=\"false\" data-particle-mobile-disabled=\"false\" class=\"elementor-section elementor-top-section elementor-element elementor-element-b464e3c bg-primary elementor-section-boxed elementor-section-height-default elementor-section-height-default\" data-id=\"b464e3c\" data-element_type=\"section\" data-e-type=\"section\" data-settings=\"{&quot;animation&quot;:&quot;none&quot;}\">\n\t\t\t\t\t\t<div class=\"elementor-container elementor-column-gap-extended\">\n\t\t\t\t\t<div class=\"elementor-column elementor-col-33 elementor-top-column elementor-element elementor-element-4164822 elementor-invisible\" data-id=\"4164822\" data-element_type=\"column\" data-e-type=\"column\" data-settings=\"{&quot;animation&quot;:&quot;zoomIn&quot;}\">\n\t\t\t<div class=\"elementor-widget-wrap elementor-element-populated\">\n\t\t\t\t\t\t<div class=\"elementor-element elementor-element-7ed075c elementor-cta--skin-classic elementor-animated-content elementor-bg-transform elementor-bg-transform-zoom-in elementor-widget elementor-widget-call-to-action\" data-id=\"7ed075c\" data-element_type=\"widget\" data-e-type=\"widget\" data-widget_type=\"call-to-action.default\">\n\t\t\t\t<div class=\"elementor-widget-container\">\n\t\t\t\t\t\t\t<a class=\"elementor-cta\" href=\"https:\/\/be.alfasigma.com\/a-propos-de-nous\/leadership-model\/?lang=fr\">\n\t\t\t\t\t<div class=\"elementor-cta__bg-wrapper\">\n\t\t\t\t<div class=\"elementor-cta__bg elementor-bg\" style=\"background-image: url(https:\/\/be.alfasigma.com\/wp-content\/uploads\/2020\/06\/02B-cover_Leadership-model_1920x1080-scaled.jpg);\" role=\"img\" aria-label=\"02B-cover_Leadership-model_1920x1080\"><\/div>\n\t\t\t\t<div class=\"elementor-cta__bg-overlay\"><\/div>\n\t\t\t<\/div>\n\t\t\t\t\t\t\t\t<\/a>\n\t\t\t\t\t\t<\/div>\n\t\t\t\t<\/div>\n\t\t\t\t<div class=\"elementor-element elementor-element-01c8ca7 elementor-widget elementor-widget-heading\" data-id=\"01c8ca7\" data-element_type=\"widget\" data-e-type=\"widget\" data-widget_type=\"heading.default\">\n\t\t\t\t<div class=\"elementor-widget-container\">\n\t\t\t\t\t<h4 class=\"elementor-heading-title elementor-size-default\"><a href=\"https:\/\/be.alfasigma.com\/a-propos-de-nous\/leadership-model\/?lang=fr\">Leadership Model<\/a><\/h4>\t\t\t\t<\/div>\n\t\t\t\t<\/div>\n\t\t\t\t<div class=\"elementor-element elementor-element-6a842c2 elementor-widget elementor-widget-text-editor\" data-id=\"6a842c2\" data-element_type=\"widget\" data-e-type=\"widget\" data-widget_type=\"text-editor.default\">\n\t\t\t\t<div class=\"elementor-widget-container\">\n\t\t\t\t\t\t\t\t\t<p>En 2019, Alfasigma a lanc\u00e9 un nouveau mod\u00e8le de Leadership o\u00f9 5 piliers constituent la base de nos activit\u00e9s quotidiennes.<\/p>\t\t\t\t\t\t\t\t<\/div>\n\t\t\t\t<\/div>\n\t\t\t\t\t<\/div>\n\t\t<\/div>\n\t\t\t\t<div class=\"elementor-column elementor-col-33 elementor-top-column elementor-element elementor-element-904b84a elementor-invisible\" data-id=\"904b84a\" data-element_type=\"column\" data-e-type=\"column\" data-settings=\"{&quot;animation&quot;:&quot;fadeIn&quot;}\">\n\t\t\t<div class=\"elementor-widget-wrap elementor-element-populated\">\n\t\t\t\t\t\t<div class=\"elementor-element elementor-element-151d693 elementor-cta--skin-classic elementor-animated-content elementor-bg-transform elementor-bg-transform-zoom-in elementor-widget elementor-widget-call-to-action\" data-id=\"151d693\" data-element_type=\"widget\" data-e-type=\"widget\" data-widget_type=\"call-to-action.default\">\n\t\t\t\t<div class=\"elementor-widget-container\">\n\t\t\t\t\t\t\t<a class=\"elementor-cta\" href=\"https:\/\/be.alfasigma.com\/nos-collaborateurs\/?lang=fr\">\n\t\t\t\t\t<div class=\"elementor-cta__bg-wrapper\">\n\t\t\t\t<div class=\"elementor-cta__bg elementor-bg\" style=\"background-image: url(https:\/\/be.alfasigma.com\/wp-content\/uploads\/2020\/07\/our-people.alfasigma.jpg);\" role=\"img\" aria-label=\"our-people.alfasigma\"><\/div>\n\t\t\t\t<div class=\"elementor-cta__bg-overlay\"><\/div>\n\t\t\t<\/div>\n\t\t\t\t\t\t\t\t<\/a>\n\t\t\t\t\t\t<\/div>\n\t\t\t\t<\/div>\n\t\t\t\t<div class=\"elementor-element elementor-element-43d3dd8 elementor-widget elementor-widget-heading\" data-id=\"43d3dd8\" data-element_type=\"widget\" data-e-type=\"widget\" data-widget_type=\"heading.default\">\n\t\t\t\t<div class=\"elementor-widget-container\">\n\t\t\t\t\t<h4 class=\"elementor-heading-title elementor-size-default\"><a href=\"https:\/\/be.alfasigma.com\/nos-collaborateurs\/?lang=fr\">Nos collaborateurs<\/a><\/h4>\t\t\t\t<\/div>\n\t\t\t\t<\/div>\n\t\t\t\t<div class=\"elementor-element elementor-element-db8cf71 elementor-widget elementor-widget-text-editor\" data-id=\"db8cf71\" data-element_type=\"widget\" data-e-type=\"widget\" data-widget_type=\"text-editor.default\">\n\t\t\t\t<div class=\"elementor-widget-container\">\n\t\t\t\t\t\t\t\t\t<p>En agissant sur la base de nos valeurs d&rsquo;entreprise et de nos normes de conduite, les employ\u00e9s peuvent laisser leur propre marque sur le lieu de travail.<\/p>\t\t\t\t\t\t\t\t<\/div>\n\t\t\t\t<\/div>\n\t\t\t\t\t<\/div>\n\t\t<\/div>\n\t\t\t\t<div class=\"elementor-column elementor-col-33 elementor-top-column elementor-element elementor-element-f63e847 elementor-invisible\" data-id=\"f63e847\" data-element_type=\"column\" data-e-type=\"column\" data-settings=\"{&quot;animation&quot;:&quot;zoomIn&quot;}\">\n\t\t\t<div class=\"elementor-widget-wrap elementor-element-populated\">\n\t\t\t\t\t\t<div class=\"elementor-element elementor-element-52f4955 elementor-cta--skin-classic elementor-animated-content elementor-bg-transform elementor-bg-transform-zoom-in elementor-widget elementor-widget-call-to-action\" data-id=\"52f4955\" data-element_type=\"widget\" data-e-type=\"widget\" data-widget_type=\"call-to-action.default\">\n\t\t\t\t<div class=\"elementor-widget-container\">\n\t\t\t\t\t\t\t<a class=\"elementor-cta\" href=\"https:\/\/be.alfasigma.com\/rse\/?lang=fr\">\n\t\t\t\t\t<div class=\"elementor-cta__bg-wrapper\">\n\t\t\t\t<div class=\"elementor-cta__bg elementor-bg\" style=\"background-image: url(https:\/\/be.alfasigma.com\/wp-content\/uploads\/2025\/03\/GettyImages-1173734083.jpg);\" role=\"img\" aria-label=\"GettyImages-1173734083\"><\/div>\n\t\t\t\t<div class=\"elementor-cta__bg-overlay\"><\/div>\n\t\t\t<\/div>\n\t\t\t\t\t\t\t\t<\/a>\n\t\t\t\t\t\t<\/div>\n\t\t\t\t<\/div>\n\t\t\t\t<div class=\"elementor-element elementor-element-d11578e elementor-widget elementor-widget-heading\" data-id=\"d11578e\" data-element_type=\"widget\" data-e-type=\"widget\" data-widget_type=\"heading.default\">\n\t\t\t\t<div class=\"elementor-widget-container\">\n\t\t\t\t\t<h4 class=\"elementor-heading-title elementor-size-default\"><a href=\"https:\/\/be.alfasigma.com\/rse\/?lang=fr\">Responsabilit\u00e9 Soci\u00e9tale de l\u2019Entreprise (RSE) <\/a><\/h4>\t\t\t\t<\/div>\n\t\t\t\t<\/div>\n\t\t\t\t<div class=\"elementor-element elementor-element-11e1d32 elementor-widget elementor-widget-text-editor\" data-id=\"11e1d32\" data-element_type=\"widget\" data-e-type=\"widget\" data-widget_type=\"text-editor.default\">\n\t\t\t\t<div class=\"elementor-widget-container\">\n\t\t\t\t\t\t\t\t\t<p>Pendant la crise du COVID-19, nous avons encourag\u00e9 et soutenu les travailleurs humanitaires par de nombreuses initiatives dans le monde entier.<\/p>\t\t\t\t\t\t\t\t<\/div>\n\t\t\t\t<\/div>\n\t\t\t\t\t<\/div>\n\t\t<\/div>\n\t\t\t\t\t<\/div>\n\t\t<\/section>\n\t\t\t\t<\/div>\n\t\t","protected":false},"excerpt":{"rendered":"<p>A propos de nous \/ Valeurs culturelles Int\u00e9grit\u00e9, T\u00e9nacit\u00e9 et Passion Notre culture repose sur trois valeurs fondamentales : l\u2019Int\u00e9grit\u00e9, la T\u00e9nacit\u00e9 et la Passion. \u00a0L\u2019int\u00e9grit\u00e9 signifie que nous demandons \u00e0 nos employ\u00e9s, managers et collaborateurs d\u2019op\u00e9rer de mani\u00e8re transparente, respectueuse et honn\u00eate et d\u2019\u00eatre toujours responsables de leurs actions. Aucun compromis sur l\u2019int\u00e9grit\u00e9 signifie &hellip; <a href=\"https:\/\/be.alfasigma.com\/fr\/a-propos-de-nous\/valeurs-culturelles\/\">Continued<\/a><\/p>\n","protected":false},"author":1,"featured_media":4591,"parent":4799,"menu_order":0,"comment_status":"closed","ping_status":"closed","template":"views\/template-custom.blade.php","meta":{"_acf_changed":false,"footnotes":""},"class_list":["post-4868","page","type-page","status-publish","has-post-thumbnail","hentry"],"acf":[],"yoast_head":"<!-- This site is optimized with the Yoast SEO plugin v27.3 - https:\/\/yoast.com\/product\/yoast-seo-wordpress\/ -->\n<title>Alfasigma BE - Valeurs Culturelles<\/title>\n<meta name=\"robots\" content=\"index,follow\" \/>\n<link rel=\"canonical\" href=\"https:\/\/be.alfasigma.com\/fr\/a-propos-de-nous\/valeurs-culturelles\/\" \/>\n<meta property=\"og:locale\" content=\"fr_FR\" \/>\n<meta property=\"og:type\" content=\"article\" \/>\n<meta property=\"og:title\" content=\"Alfasigma BE - Valeurs Culturelles\" \/>\n<meta property=\"og:description\" content=\"A propos de nous \/ Valeurs culturelles Int\u00e9grit\u00e9, T\u00e9nacit\u00e9 et Passion Notre culture repose sur trois valeurs fondamentales : l\u2019Int\u00e9grit\u00e9, la T\u00e9nacit\u00e9 et la Passion. \u00a0L\u2019int\u00e9grit\u00e9 signifie que nous demandons \u00e0 nos employ\u00e9s, managers et collaborateurs d\u2019op\u00e9rer de mani\u00e8re transparente, respectueuse et honn\u00eate et d\u2019\u00eatre toujours responsables de leurs actions. Aucun compromis sur l\u2019int\u00e9grit\u00e9 signifie &hellip; Continued\" \/>\n<meta property=\"og:url\" content=\"https:\/\/be.alfasigma.com\/fr\/a-propos-de-nous\/valeurs-culturelles\/\" \/>\n<meta property=\"og:site_name\" content=\"Alfasigma BE\" \/>\n<meta property=\"article:modified_time\" content=\"2025-03-21T14:13:45+00:00\" \/>\n<meta property=\"og:image\" content=\"https:\/\/be.alfasigma.com\/wp-content\/uploads\/2020\/07\/2019-12-19_AlfaSigma_36-dida-1.jpg\" \/>\n\t<meta property=\"og:image:width\" content=\"1920\" \/>\n\t<meta property=\"og:image:height\" content=\"1080\" \/>\n\t<meta property=\"og:image:type\" content=\"image\/jpeg\" \/>\n<meta name=\"twitter:card\" content=\"summary_large_image\" \/>\n<meta name=\"twitter:label1\" content=\"Dur\u00e9e de lecture estim\u00e9e\" \/>\n\t<meta name=\"twitter:data1\" content=\"2 minutes\" \/>\n<script type=\"application\/ld+json\" class=\"yoast-schema-graph\">{\"@context\":\"https:\\\/\\\/schema.org\",\"@graph\":[{\"@type\":\"WebPage\",\"@id\":\"https:\\\/\\\/be.alfasigma.com\\\/fr\\\/a-propos-de-nous\\\/valeurs-culturelles\\\/\",\"url\":\"https:\\\/\\\/be.alfasigma.com\\\/fr\\\/a-propos-de-nous\\\/valeurs-culturelles\\\/\",\"name\":\"Alfasigma BE - Valeurs Culturelles\",\"isPartOf\":{\"@id\":\"https:\\\/\\\/be.alfasigma.com\\\/nl\\\/#website\"},\"primaryImageOfPage\":{\"@id\":\"https:\\\/\\\/be.alfasigma.com\\\/fr\\\/a-propos-de-nous\\\/valeurs-culturelles\\\/#primaryimage\"},\"image\":{\"@id\":\"https:\\\/\\\/be.alfasigma.com\\\/fr\\\/a-propos-de-nous\\\/valeurs-culturelles\\\/#primaryimage\"},\"thumbnailUrl\":\"https:\\\/\\\/be.alfasigma.com\\\/wp-content\\\/uploads\\\/2020\\\/07\\\/2019-12-19_AlfaSigma_36-dida-1.jpg\",\"datePublished\":\"2020-06-23T09:49:24+00:00\",\"dateModified\":\"2025-03-21T14:13:45+00:00\",\"breadcrumb\":{\"@id\":\"https:\\\/\\\/be.alfasigma.com\\\/fr\\\/a-propos-de-nous\\\/valeurs-culturelles\\\/#breadcrumb\"},\"inLanguage\":\"fr-FR\",\"potentialAction\":[{\"@type\":\"ReadAction\",\"target\":[\"https:\\\/\\\/be.alfasigma.com\\\/fr\\\/a-propos-de-nous\\\/valeurs-culturelles\\\/\"]}]},{\"@type\":\"ImageObject\",\"inLanguage\":\"fr-FR\",\"@id\":\"https:\\\/\\\/be.alfasigma.com\\\/fr\\\/a-propos-de-nous\\\/valeurs-culturelles\\\/#primaryimage\",\"url\":\"https:\\\/\\\/be.alfasigma.com\\\/wp-content\\\/uploads\\\/2020\\\/07\\\/2019-12-19_AlfaSigma_36-dida-1.jpg\",\"contentUrl\":\"https:\\\/\\\/be.alfasigma.com\\\/wp-content\\\/uploads\\\/2020\\\/07\\\/2019-12-19_AlfaSigma_36-dida-1.jpg\",\"width\":1920,\"height\":1080},{\"@type\":\"BreadcrumbList\",\"@id\":\"https:\\\/\\\/be.alfasigma.com\\\/fr\\\/a-propos-de-nous\\\/valeurs-culturelles\\\/#breadcrumb\",\"itemListElement\":[{\"@type\":\"ListItem\",\"position\":1,\"name\":\"Home\",\"item\":\"https:\\\/\\\/be.alfasigma.com\\\/fr\\\/\"},{\"@type\":\"ListItem\",\"position\":2,\"name\":\"A propos de nous\",\"item\":\"https:\\\/\\\/be.alfasigma.com\\\/fr\\\/a-propos-de-nous\\\/\"},{\"@type\":\"ListItem\",\"position\":3,\"name\":\"Valeurs Culturelles\"}]},{\"@type\":\"WebSite\",\"@id\":\"https:\\\/\\\/be.alfasigma.com\\\/nl\\\/#website\",\"url\":\"https:\\\/\\\/be.alfasigma.com\\\/nl\\\/\",\"name\":\"Alfasigma BE\",\"description\":\"Pharmaceuticals with passion\",\"potentialAction\":[{\"@type\":\"SearchAction\",\"target\":{\"@type\":\"EntryPoint\",\"urlTemplate\":\"https:\\\/\\\/be.alfasigma.com\\\/nl\\\/?s={search_term_string}\"},\"query-input\":{\"@type\":\"PropertyValueSpecification\",\"valueRequired\":true,\"valueName\":\"search_term_string\"}}],\"inLanguage\":\"fr-FR\"}]}<\/script>\n<!-- \/ Yoast SEO plugin. -->","yoast_head_json":{"title":"Alfasigma BE - Valeurs Culturelles","robots":{"index,follow":"index,follow"},"canonical":"https:\/\/be.alfasigma.com\/fr\/a-propos-de-nous\/valeurs-culturelles\/","og_locale":"fr_FR","og_type":"article","og_title":"Alfasigma BE - Valeurs Culturelles","og_description":"A propos de nous \/ Valeurs culturelles Int\u00e9grit\u00e9, T\u00e9nacit\u00e9 et Passion Notre culture repose sur trois valeurs fondamentales : l\u2019Int\u00e9grit\u00e9, la T\u00e9nacit\u00e9 et la Passion. \u00a0L\u2019int\u00e9grit\u00e9 signifie que nous demandons \u00e0 nos employ\u00e9s, managers et collaborateurs d\u2019op\u00e9rer de mani\u00e8re transparente, respectueuse et honn\u00eate et d\u2019\u00eatre toujours responsables de leurs actions. Aucun compromis sur l\u2019int\u00e9grit\u00e9 signifie &hellip; Continued","og_url":"https:\/\/be.alfasigma.com\/fr\/a-propos-de-nous\/valeurs-culturelles\/","og_site_name":"Alfasigma BE","article_modified_time":"2025-03-21T14:13:45+00:00","og_image":[{"width":1920,"height":1080,"url":"https:\/\/be.alfasigma.com\/wp-content\/uploads\/2020\/07\/2019-12-19_AlfaSigma_36-dida-1.jpg","type":"image\/jpeg"}],"twitter_card":"summary_large_image","twitter_misc":{"Dur\u00e9e de lecture estim\u00e9e":"2 minutes"},"schema":{"@context":"https:\/\/schema.org","@graph":[{"@type":"WebPage","@id":"https:\/\/be.alfasigma.com\/fr\/a-propos-de-nous\/valeurs-culturelles\/","url":"https:\/\/be.alfasigma.com\/fr\/a-propos-de-nous\/valeurs-culturelles\/","name":"Alfasigma BE - Valeurs Culturelles","isPartOf":{"@id":"https:\/\/be.alfasigma.com\/nl\/#website"},"primaryImageOfPage":{"@id":"https:\/\/be.alfasigma.com\/fr\/a-propos-de-nous\/valeurs-culturelles\/#primaryimage"},"image":{"@id":"https:\/\/be.alfasigma.com\/fr\/a-propos-de-nous\/valeurs-culturelles\/#primaryimage"},"thumbnailUrl":"https:\/\/be.alfasigma.com\/wp-content\/uploads\/2020\/07\/2019-12-19_AlfaSigma_36-dida-1.jpg","datePublished":"2020-06-23T09:49:24+00:00","dateModified":"2025-03-21T14:13:45+00:00","breadcrumb":{"@id":"https:\/\/be.alfasigma.com\/fr\/a-propos-de-nous\/valeurs-culturelles\/#breadcrumb"},"inLanguage":"fr-FR","potentialAction":[{"@type":"ReadAction","target":["https:\/\/be.alfasigma.com\/fr\/a-propos-de-nous\/valeurs-culturelles\/"]}]},{"@type":"ImageObject","inLanguage":"fr-FR","@id":"https:\/\/be.alfasigma.com\/fr\/a-propos-de-nous\/valeurs-culturelles\/#primaryimage","url":"https:\/\/be.alfasigma.com\/wp-content\/uploads\/2020\/07\/2019-12-19_AlfaSigma_36-dida-1.jpg","contentUrl":"https:\/\/be.alfasigma.com\/wp-content\/uploads\/2020\/07\/2019-12-19_AlfaSigma_36-dida-1.jpg","width":1920,"height":1080},{"@type":"BreadcrumbList","@id":"https:\/\/be.alfasigma.com\/fr\/a-propos-de-nous\/valeurs-culturelles\/#breadcrumb","itemListElement":[{"@type":"ListItem","position":1,"name":"Home","item":"https:\/\/be.alfasigma.com\/fr\/"},{"@type":"ListItem","position":2,"name":"A propos de nous","item":"https:\/\/be.alfasigma.com\/fr\/a-propos-de-nous\/"},{"@type":"ListItem","position":3,"name":"Valeurs Culturelles"}]},{"@type":"WebSite","@id":"https:\/\/be.alfasigma.com\/nl\/#website","url":"https:\/\/be.alfasigma.com\/nl\/","name":"Alfasigma BE","description":"Pharmaceuticals with passion","potentialAction":[{"@type":"SearchAction","target":{"@type":"EntryPoint","urlTemplate":"https:\/\/be.alfasigma.com\/nl\/?s={search_term_string}"},"query-input":{"@type":"PropertyValueSpecification","valueRequired":true,"valueName":"search_term_string"}}],"inLanguage":"fr-FR"}]}},"_links":{"self":[{"href":"https:\/\/be.alfasigma.com\/fr\/wp-json\/wp\/v2\/pages\/4868","targetHints":{"allow":["GET"]}}],"collection":[{"href":"https:\/\/be.alfasigma.com\/fr\/wp-json\/wp\/v2\/pages"}],"about":[{"href":"https:\/\/be.alfasigma.com\/fr\/wp-json\/wp\/v2\/types\/page"}],"author":[{"embeddable":true,"href":"https:\/\/be.alfasigma.com\/fr\/wp-json\/wp\/v2\/users\/1"}],"replies":[{"embeddable":true,"href":"https:\/\/be.alfasigma.com\/fr\/wp-json\/wp\/v2\/comments?post=4868"}],"version-history":[{"count":37,"href":"https:\/\/be.alfasigma.com\/fr\/wp-json\/wp\/v2\/pages\/4868\/revisions"}],"predecessor-version":[{"id":6463,"href":"https:\/\/be.alfasigma.com\/fr\/wp-json\/wp\/v2\/pages\/4868\/revisions\/6463"}],"up":[{"embeddable":true,"href":"https:\/\/be.alfasigma.com\/fr\/wp-json\/wp\/v2\/pages\/4799"}],"wp:featuredmedia":[{"embeddable":true,"href":"https:\/\/be.alfasigma.com\/fr\/wp-json\/wp\/v2\/media\/4591"}],"wp:attachment":[{"href":"https:\/\/be.alfasigma.com\/fr\/wp-json\/wp\/v2\/media?parent=4868"}],"curies":[{"name":"wp","href":"https:\/\/api.w.org\/{rel}","templated":true}]}}