{"id":4938,"date":"2021-04-14T16:55:59","date_gmt":"2021-04-14T16:55:59","guid":{"rendered":"https:\/\/be.alfasigma.com\/a-propos-de-nous\/ethique-et-transparence\/relatie-hcp-hco\/"},"modified":"2025-03-21T14:12:06","modified_gmt":"2025-03-21T14:12:06","slug":"relation-hcp-hco","status":"publish","type":"page","link":"https:\/\/be.alfasigma.com\/fr\/a-propos-de-nous\/ethique-et-transparence\/relation-hcp-hco\/","title":{"rendered":"Relation HCP\/HCO"},"content":{"rendered":"\t\t<div data-elementor-type=\"wp-page\" data-elementor-id=\"4938\" class=\"elementor elementor-4938 elementor-3722\" data-elementor-post-type=\"page\">\n\t\t\t\t\t\t<section data-particle_enable=\"false\" data-particle-mobile-disabled=\"false\" class=\"elementor-section elementor-top-section elementor-element elementor-element-93aeffc elementor-section-stretched elementor-section-height-min-height elementor-section-items-top elementor-section-boxed elementor-section-height-default\" data-id=\"93aeffc\" data-element_type=\"section\" data-e-type=\"section\" data-settings=\"{&quot;stretch_section&quot;:&quot;section-stretched&quot;,&quot;background_background&quot;:&quot;classic&quot;}\">\n\t\t\t\t\t\t\t<div class=\"elementor-background-overlay\"><\/div>\n\t\t\t\t\t\t\t<div class=\"elementor-container elementor-column-gap-default\">\n\t\t\t\t\t<div class=\"elementor-column elementor-col-100 elementor-top-column elementor-element elementor-element-134e6b2\" data-id=\"134e6b2\" data-element_type=\"column\" data-e-type=\"column\">\n\t\t\t<div class=\"elementor-widget-wrap elementor-element-populated\">\n\t\t\t\t\t\t<div class=\"elementor-element elementor-element-2f531aa text-white font-weight-normal elementor-invisible elementor-widget elementor-widget-heading\" data-id=\"2f531aa\" data-element_type=\"widget\" data-e-type=\"widget\" data-settings=\"{&quot;_animation&quot;:&quot;slideInLeft&quot;}\" data-widget_type=\"heading.default\">\n\t\t\t\t<div class=\"elementor-widget-container\">\n\t\t\t\t\t<p class=\"elementor-heading-title elementor-size-default\">A propos de nous \/ \u00c9thique &amp; Transparence \/ Relation avec les professionnels de la sant\u00e9 (HCP) et les organisations de sant\u00e9 (HCO)<\/p>\t\t\t\t<\/div>\n\t\t\t\t<\/div>\n\t\t\t\t<div class=\"elementor-element elementor-element-0e73c21 text-white elementor-invisible elementor-widget elementor-widget-heading\" data-id=\"0e73c21\" data-element_type=\"widget\" data-e-type=\"widget\" data-settings=\"{&quot;_animation&quot;:&quot;slideInLeft&quot;}\" data-widget_type=\"heading.default\">\n\t\t\t\t<div class=\"elementor-widget-container\">\n\t\t\t\t\t<h1 class=\"elementor-heading-title elementor-size-default\">R\u00e9ciprocit\u00e9 et \u00e9thique<\/h1>\t\t\t\t<\/div>\n\t\t\t\t<\/div>\n\t\t\t\t\t<\/div>\n\t\t<\/div>\n\t\t\t\t\t<\/div>\n\t\t<\/section>\n\t\t\t\t<section data-particle_enable=\"false\" data-particle-mobile-disabled=\"false\" class=\"elementor-section elementor-top-section elementor-element elementor-element-5bc0b38 elementor-section-boxed elementor-section-height-default elementor-section-height-default\" data-id=\"5bc0b38\" data-element_type=\"section\" data-e-type=\"section\">\n\t\t\t\t\t\t<div class=\"elementor-container elementor-column-gap-default\">\n\t\t\t\t\t<div class=\"elementor-column elementor-col-100 elementor-top-column elementor-element elementor-element-10c501a elementor-invisible\" data-id=\"10c501a\" data-element_type=\"column\" data-e-type=\"column\" data-settings=\"{&quot;animation&quot;:&quot;fadeIn&quot;}\">\n\t\t\t<div class=\"elementor-widget-wrap elementor-element-populated\">\n\t\t\t\t\t\t<div class=\"elementor-element elementor-element-94c11e0 elementor-widget elementor-widget-text-editor\" data-id=\"94c11e0\" data-element_type=\"widget\" data-e-type=\"widget\" data-widget_type=\"text-editor.default\">\n\t\t\t\t<div class=\"elementor-widget-container\">\n\t\t\t\t\t\t\t\t\t<p>La croissance mutuelle, la transparence et l\u2019orientation patient sont les valeurs qui guident notre dialogue avec la communaut\u00e9 m\u00e9dicale. Le partage des connaissances et des exp\u00e9riences avec les professionnels de la sant\u00e9 et les organisations est ce qui permet \u00e0 nos efforts de recherche et d\u00e9veloppement de cro\u00eetre chaque jour. Notre objectif est unique : fournir des traitements de plus en plus efficaces aux patients.<\/p><p>La relation avec les professionnels de la sant\u00e9 (HCP pour Health Care Professional) et les organisations de sant\u00e9 (HCO pour Health Care Organization) prend diverses formes : d\u00e9veloppement de nouveaux m\u00e9dicaments par le biais d\u2019\u00e9tudes cliniques dans les h\u00f4pitaux, les universit\u00e9s et les \u00e9tablissements de sant\u00e9 publics et priv\u00e9s, mais aussi des conseils scientifiques, des conf\u00e9rences, des s\u00e9minaires et des FMC (Formation M\u00e9dicale Continue) organis\u00e9s par des institutions publiques, des soci\u00e9t\u00e9s de recherche scientifique et des prestataires accr\u00e9dit\u00e9s.<\/p><p>Ces relations, qui sont r\u00e9gies par des normes nationales et internationales, sont fond\u00e9es sur le respect mutuel des r\u00f4les des uns et des autres dans un cadre de normes \u00e9thiques soumises \u00e0 des audits rigoureux par des organismes tiers.<\/p>\t\t\t\t\t\t\t\t<\/div>\n\t\t\t\t<\/div>\n\t\t\t\t\t<\/div>\n\t\t<\/div>\n\t\t\t\t\t<\/div>\n\t\t<\/section>\n\t\t\t\t<section data-particle_enable=\"false\" data-particle-mobile-disabled=\"false\" class=\"elementor-section elementor-top-section elementor-element elementor-element-d7143fa bg-primary elementor-section-boxed elementor-section-height-default elementor-section-height-default\" data-id=\"d7143fa\" data-element_type=\"section\" data-e-type=\"section\">\n\t\t\t\t\t\t<div class=\"elementor-container elementor-column-gap-extended\">\n\t\t\t\t\t<div class=\"elementor-column elementor-col-100 elementor-top-column elementor-element elementor-element-b290e4f elementor-invisible\" data-id=\"b290e4f\" data-element_type=\"column\" data-e-type=\"column\" data-settings=\"{&quot;animation&quot;:&quot;fadeIn&quot;}\">\n\t\t\t<div class=\"elementor-widget-wrap elementor-element-populated\">\n\t\t\t\t\t\t<div class=\"elementor-element elementor-element-dde97d7 elementor-widget elementor-widget-heading\" data-id=\"dde97d7\" data-element_type=\"widget\" data-e-type=\"widget\" data-widget_type=\"heading.default\">\n\t\t\t\t<div class=\"elementor-widget-container\">\n\t\t\t\t\t<h3 class=\"elementor-heading-title elementor-size-default\">Plus d'info<\/h3>\t\t\t\t<\/div>\n\t\t\t\t<\/div>\n\t\t\t\t\t<\/div>\n\t\t<\/div>\n\t\t\t\t\t<\/div>\n\t\t<\/section>\n\t\t\t\t<section data-particle_enable=\"false\" data-particle-mobile-disabled=\"false\" class=\"elementor-section elementor-top-section elementor-element elementor-element-043d8bf bg-primary elementor-section-boxed elementor-section-height-default elementor-section-height-default\" data-id=\"043d8bf\" data-element_type=\"section\" data-e-type=\"section\" data-settings=\"{&quot;animation&quot;:&quot;none&quot;}\">\n\t\t\t\t\t\t<div class=\"elementor-container elementor-column-gap-extended\">\n\t\t\t\t\t<div class=\"elementor-column elementor-col-33 elementor-top-column elementor-element elementor-element-553e613 elementor-invisible\" data-id=\"553e613\" data-element_type=\"column\" data-e-type=\"column\" data-settings=\"{&quot;animation&quot;:&quot;zoomIn&quot;}\">\n\t\t\t<div class=\"elementor-widget-wrap elementor-element-populated\">\n\t\t\t\t\t\t<div class=\"elementor-element elementor-element-23dac28 elementor-cta--skin-classic elementor-animated-content elementor-bg-transform elementor-bg-transform-zoom-in elementor-widget elementor-widget-call-to-action\" data-id=\"23dac28\" data-element_type=\"widget\" data-e-type=\"widget\" data-widget_type=\"call-to-action.default\">\n\t\t\t\t<div class=\"elementor-widget-container\">\n\t\t\t\t\t\t\t<a class=\"elementor-cta\" href=\"https:\/\/be.alfasigma.com\/a-propos-de-nous\/ethique-et-transparence\/code-dethique\/?lang=fr\">\n\t\t\t\t\t<div class=\"elementor-cta__bg-wrapper\">\n\t\t\t\t<div class=\"elementor-cta__bg elementor-bg\" style=\"background-image: url(https:\/\/be.alfasigma.com\/wp-content\/uploads\/2020\/07\/POMEZIA_0725_FOTO_NICCOLO_BIDDAU.jpg);\" role=\"img\" aria-label=\"POMEZIA_0725_FOTO_NICCOLO_BIDDAU\"><\/div>\n\t\t\t\t<div class=\"elementor-cta__bg-overlay\"><\/div>\n\t\t\t<\/div>\n\t\t\t\t\t\t\t\t<\/a>\n\t\t\t\t\t\t<\/div>\n\t\t\t\t<\/div>\n\t\t\t\t<div class=\"elementor-element elementor-element-5859ba5 elementor-widget elementor-widget-heading\" data-id=\"5859ba5\" data-element_type=\"widget\" data-e-type=\"widget\" data-widget_type=\"heading.default\">\n\t\t\t\t<div class=\"elementor-widget-container\">\n\t\t\t\t\t<h4 class=\"elementor-heading-title elementor-size-default\"><a href=\"https:\/\/be.alfasigma.com\/a-propos-de-nous\/ethique-et-transparence\/code-dethique\/?lang=fr\">Code d\u2019\u00e9thique<\/a><\/h4>\t\t\t\t<\/div>\n\t\t\t\t<\/div>\n\t\t\t\t<div class=\"elementor-element elementor-element-2a2668a elementor-widget elementor-widget-text-editor\" data-id=\"2a2668a\" data-element_type=\"widget\" data-e-type=\"widget\" data-widget_type=\"text-editor.default\">\n\t\t\t\t<div class=\"elementor-widget-container\">\n\t\t\t\t\t\t\t\t\t<p>Un ensemble de r\u00e8gles sociales entre l&rsquo;entreprise et toutes les parties prenantes internes et externes ayant une valeur contraignante pour l&rsquo;ensemble de l&rsquo;organisation Alfasigma.<\/p>\t\t\t\t\t\t\t\t<\/div>\n\t\t\t\t<\/div>\n\t\t\t\t\t<\/div>\n\t\t<\/div>\n\t\t\t\t<div class=\"elementor-column elementor-col-33 elementor-top-column elementor-element elementor-element-d13a76c elementor-invisible\" data-id=\"d13a76c\" data-element_type=\"column\" data-e-type=\"column\" data-settings=\"{&quot;animation&quot;:&quot;zoomIn&quot;}\">\n\t\t\t<div class=\"elementor-widget-wrap elementor-element-populated\">\n\t\t\t\t\t\t<div class=\"elementor-element elementor-element-23e6a3d elementor-cta--skin-classic elementor-animated-content elementor-bg-transform elementor-bg-transform-zoom-in elementor-widget elementor-widget-call-to-action\" data-id=\"23e6a3d\" data-element_type=\"widget\" data-e-type=\"widget\" data-widget_type=\"call-to-action.default\">\n\t\t\t\t<div class=\"elementor-widget-container\">\n\t\t\t\t\t\t\t<a class=\"elementor-cta\" href=\"https:\/\/be.alfasigma.com\/a-propos-de-nous\/ethique-et-transparence\/pharmacovigilance\/?lang=fr\">\n\t\t\t\t\t<div class=\"elementor-cta__bg-wrapper\">\n\t\t\t\t<div class=\"elementor-cta__bg elementor-bg\" style=\"background-image: url(https:\/\/be.alfasigma.com\/wp-content\/uploads\/2020\/05\/pharmacovigilance-alfasigma.jpg);\" role=\"img\" aria-label=\"pharmacovigilance-alfasigma\"><\/div>\n\t\t\t\t<div class=\"elementor-cta__bg-overlay\"><\/div>\n\t\t\t<\/div>\n\t\t\t\t\t\t\t\t<\/a>\n\t\t\t\t\t\t<\/div>\n\t\t\t\t<\/div>\n\t\t\t\t<div class=\"elementor-element elementor-element-dcbaec5 elementor-widget elementor-widget-heading\" data-id=\"dcbaec5\" data-element_type=\"widget\" data-e-type=\"widget\" data-widget_type=\"heading.default\">\n\t\t\t\t<div class=\"elementor-widget-container\">\n\t\t\t\t\t<h4 class=\"elementor-heading-title elementor-size-default\"><a href=\"https:\/\/be.alfasigma.com\/a-propos-de-nous\/ethique-et-transparence\/pharmacovigilance\/?lang=fr\">Pharmacovigilance<\/a><\/h4>\t\t\t\t<\/div>\n\t\t\t\t<\/div>\n\t\t\t\t<div class=\"elementor-element elementor-element-50ea675 elementor-widget elementor-widget-text-editor\" data-id=\"50ea675\" data-element_type=\"widget\" data-e-type=\"widget\" data-widget_type=\"text-editor.default\">\n\t\t\t\t<div class=\"elementor-widget-container\">\n\t\t\t\t\t\t\t\t\t<p>La notification des effets ind\u00e9sirables est importante pour prot\u00e9ger les patients qui utilisent des m\u00e9dicaments et pour assurer un \u00e9quilibre entre les avantages et les risques pour la population.<\/p>\t\t\t\t\t\t\t\t<\/div>\n\t\t\t\t<\/div>\n\t\t\t\t\t<\/div>\n\t\t<\/div>\n\t\t\t\t<div class=\"elementor-column elementor-col-33 elementor-top-column elementor-element elementor-element-f9222b2 elementor-invisible\" data-id=\"f9222b2\" data-element_type=\"column\" data-e-type=\"column\" data-settings=\"{&quot;animation&quot;:&quot;zoomIn&quot;}\">\n\t\t\t<div class=\"elementor-widget-wrap elementor-element-populated\">\n\t\t\t\t\t\t<div class=\"elementor-element elementor-element-e7cff93 elementor-cta--skin-classic elementor-animated-content elementor-bg-transform elementor-bg-transform-zoom-in elementor-widget elementor-widget-call-to-action\" data-id=\"e7cff93\" data-element_type=\"widget\" data-e-type=\"widget\" data-widget_type=\"call-to-action.default\">\n\t\t\t\t<div class=\"elementor-widget-container\">\n\t\t\t\t\t\t\t<a class=\"elementor-cta\" href=\"https:\/\/be.alfasigma.com\/rse\/?lang=fr\">\n\t\t\t\t\t<div class=\"elementor-cta__bg-wrapper\">\n\t\t\t\t<div class=\"elementor-cta__bg elementor-bg\" style=\"background-image: url(https:\/\/be.alfasigma.com\/wp-content\/uploads\/2025\/03\/GettyImages-1173734083.jpg);\" role=\"img\" aria-label=\"GettyImages-1173734083\"><\/div>\n\t\t\t\t<div class=\"elementor-cta__bg-overlay\"><\/div>\n\t\t\t<\/div>\n\t\t\t\t\t\t\t\t<\/a>\n\t\t\t\t\t\t<\/div>\n\t\t\t\t<\/div>\n\t\t\t\t<div class=\"elementor-element elementor-element-309c6a5 elementor-widget elementor-widget-heading\" data-id=\"309c6a5\" data-element_type=\"widget\" data-e-type=\"widget\" data-widget_type=\"heading.default\">\n\t\t\t\t<div class=\"elementor-widget-container\">\n\t\t\t\t\t<h4 class=\"elementor-heading-title elementor-size-default\"><a href=\"https:\/\/be.alfasigma.com\/rse\/?lang=fr\">Responsabilit\u00e9 Soci\u00e9tale de l\u2019Entreprise (RSE)<\/a><\/h4>\t\t\t\t<\/div>\n\t\t\t\t<\/div>\n\t\t\t\t<div class=\"elementor-element elementor-element-05777ba elementor-widget elementor-widget-text-editor\" data-id=\"05777ba\" data-element_type=\"widget\" data-e-type=\"widget\" data-widget_type=\"text-editor.default\">\n\t\t\t\t<div class=\"elementor-widget-container\">\n\t\t\t\t\t\t\t\t\t<p>Pendant l&rsquo;incident COVID-19, nous nous sommes efforc\u00e9s de renforcer et d&rsquo;entretenir nos relations avec les parties prenantes et nous les avons soutenues par le biais d&rsquo;un certain nombre d&rsquo;initiatives dans le monde entier.\u00a0<\/p>\t\t\t\t\t\t\t\t<\/div>\n\t\t\t\t<\/div>\n\t\t\t\t\t<\/div>\n\t\t<\/div>\n\t\t\t\t\t<\/div>\n\t\t<\/section>\n\t\t\t\t<\/div>\n\t\t","protected":false},"excerpt":{"rendered":"<p>A propos de nous \/ \u00c9thique &amp; Transparence \/ Relation avec les professionnels de la sant\u00e9 (HCP) et les organisations de sant\u00e9 (HCO) R\u00e9ciprocit\u00e9 et \u00e9thique La croissance mutuelle, la transparence et l\u2019orientation patient sont les valeurs qui guident notre dialogue avec la communaut\u00e9 m\u00e9dicale. Le partage des connaissances et des exp\u00e9riences avec les professionnels &hellip; <a href=\"https:\/\/be.alfasigma.com\/fr\/a-propos-de-nous\/ethique-et-transparence\/relation-hcp-hco\/\">Continued<\/a><\/p>\n","protected":false},"author":4,"featured_media":4630,"parent":4901,"menu_order":0,"comment_status":"closed","ping_status":"closed","template":"views\/template-custom.blade.php","meta":{"_acf_changed":false,"footnotes":""},"class_list":["post-4938","page","type-page","status-publish","has-post-thumbnail","hentry"],"acf":[],"yoast_head":"<!-- This site is optimized with the Yoast SEO plugin v27.3 - https:\/\/yoast.com\/product\/yoast-seo-wordpress\/ -->\n<title>Alfasigma BE - Relation HCP\/HCO<\/title>\n<meta name=\"robots\" content=\"index,follow\" \/>\n<link rel=\"canonical\" href=\"https:\/\/be.alfasigma.com\/fr\/a-propos-de-nous\/ethique-et-transparence\/relation-hcp-hco\/\" \/>\n<meta property=\"og:locale\" content=\"fr_FR\" \/>\n<meta property=\"og:type\" content=\"article\" \/>\n<meta property=\"og:title\" content=\"Alfasigma BE - Relation HCP\/HCO\" \/>\n<meta property=\"og:description\" content=\"A propos de nous \/ \u00c9thique &amp; Transparence \/ Relation avec les professionnels de la sant\u00e9 (HCP) et les organisations de sant\u00e9 (HCO) R\u00e9ciprocit\u00e9 et \u00e9thique La croissance mutuelle, la transparence et l\u2019orientation patient sont les valeurs qui guident notre dialogue avec la communaut\u00e9 m\u00e9dicale. Le partage des connaissances et des exp\u00e9riences avec les professionnels &hellip; Continued\" \/>\n<meta property=\"og:url\" content=\"https:\/\/be.alfasigma.com\/fr\/a-propos-de-nous\/ethique-et-transparence\/relation-hcp-hco\/\" \/>\n<meta property=\"og:site_name\" content=\"Alfasigma BE\" \/>\n<meta property=\"article:modified_time\" content=\"2025-03-21T14:12:06+00:00\" \/>\n<meta property=\"og:image\" content=\"https:\/\/be.alfasigma.com\/wp-content\/uploads\/2020\/07\/GettyImages-596435227.jpg\" \/>\n\t<meta property=\"og:image:width\" content=\"1920\" \/>\n\t<meta property=\"og:image:height\" content=\"1080\" \/>\n\t<meta property=\"og:image:type\" content=\"image\/jpeg\" \/>\n<meta name=\"twitter:card\" content=\"summary_large_image\" \/>\n<meta name=\"twitter:label1\" content=\"Dur\u00e9e de lecture estim\u00e9e\" \/>\n\t<meta name=\"twitter:data1\" content=\"2 minutes\" \/>\n<script type=\"application\/ld+json\" class=\"yoast-schema-graph\">{\"@context\":\"https:\\\/\\\/schema.org\",\"@graph\":[{\"@type\":\"WebPage\",\"@id\":\"https:\\\/\\\/be.alfasigma.com\\\/fr\\\/a-propos-de-nous\\\/ethique-et-transparence\\\/relation-hcp-hco\\\/\",\"url\":\"https:\\\/\\\/be.alfasigma.com\\\/fr\\\/a-propos-de-nous\\\/ethique-et-transparence\\\/relation-hcp-hco\\\/\",\"name\":\"Alfasigma BE - Relation HCP\\\/HCO\",\"isPartOf\":{\"@id\":\"https:\\\/\\\/be.alfasigma.com\\\/nl\\\/#website\"},\"primaryImageOfPage\":{\"@id\":\"https:\\\/\\\/be.alfasigma.com\\\/fr\\\/a-propos-de-nous\\\/ethique-et-transparence\\\/relation-hcp-hco\\\/#primaryimage\"},\"image\":{\"@id\":\"https:\\\/\\\/be.alfasigma.com\\\/fr\\\/a-propos-de-nous\\\/ethique-et-transparence\\\/relation-hcp-hco\\\/#primaryimage\"},\"thumbnailUrl\":\"https:\\\/\\\/be.alfasigma.com\\\/wp-content\\\/uploads\\\/2020\\\/07\\\/GettyImages-596435227.jpg\",\"datePublished\":\"2021-04-14T16:55:59+00:00\",\"dateModified\":\"2025-03-21T14:12:06+00:00\",\"breadcrumb\":{\"@id\":\"https:\\\/\\\/be.alfasigma.com\\\/fr\\\/a-propos-de-nous\\\/ethique-et-transparence\\\/relation-hcp-hco\\\/#breadcrumb\"},\"inLanguage\":\"fr-FR\",\"potentialAction\":[{\"@type\":\"ReadAction\",\"target\":[\"https:\\\/\\\/be.alfasigma.com\\\/fr\\\/a-propos-de-nous\\\/ethique-et-transparence\\\/relation-hcp-hco\\\/\"]}]},{\"@type\":\"ImageObject\",\"inLanguage\":\"fr-FR\",\"@id\":\"https:\\\/\\\/be.alfasigma.com\\\/fr\\\/a-propos-de-nous\\\/ethique-et-transparence\\\/relation-hcp-hco\\\/#primaryimage\",\"url\":\"https:\\\/\\\/be.alfasigma.com\\\/wp-content\\\/uploads\\\/2020\\\/07\\\/GettyImages-596435227.jpg\",\"contentUrl\":\"https:\\\/\\\/be.alfasigma.com\\\/wp-content\\\/uploads\\\/2020\\\/07\\\/GettyImages-596435227.jpg\",\"width\":1920,\"height\":1080},{\"@type\":\"BreadcrumbList\",\"@id\":\"https:\\\/\\\/be.alfasigma.com\\\/fr\\\/a-propos-de-nous\\\/ethique-et-transparence\\\/relation-hcp-hco\\\/#breadcrumb\",\"itemListElement\":[{\"@type\":\"ListItem\",\"position\":1,\"name\":\"Home\",\"item\":\"https:\\\/\\\/be.alfasigma.com\\\/fr\\\/\"},{\"@type\":\"ListItem\",\"position\":2,\"name\":\"A propos de nous\",\"item\":\"https:\\\/\\\/be.alfasigma.com\\\/fr\\\/a-propos-de-nous\\\/\"},{\"@type\":\"ListItem\",\"position\":3,\"name\":\"\u00c9thique et transparence\",\"item\":\"https:\\\/\\\/be.alfasigma.com\\\/fr\\\/a-propos-de-nous\\\/ethique-et-transparence\\\/\"},{\"@type\":\"ListItem\",\"position\":4,\"name\":\"Relation HCP\\\/HCO\"}]},{\"@type\":\"WebSite\",\"@id\":\"https:\\\/\\\/be.alfasigma.com\\\/nl\\\/#website\",\"url\":\"https:\\\/\\\/be.alfasigma.com\\\/nl\\\/\",\"name\":\"Alfasigma BE\",\"description\":\"Pharmaceuticals with passion\",\"potentialAction\":[{\"@type\":\"SearchAction\",\"target\":{\"@type\":\"EntryPoint\",\"urlTemplate\":\"https:\\\/\\\/be.alfasigma.com\\\/nl\\\/?s={search_term_string}\"},\"query-input\":{\"@type\":\"PropertyValueSpecification\",\"valueRequired\":true,\"valueName\":\"search_term_string\"}}],\"inLanguage\":\"fr-FR\"}]}<\/script>\n<!-- \/ Yoast SEO plugin. -->","yoast_head_json":{"title":"Alfasigma BE - Relation HCP\/HCO","robots":{"index,follow":"index,follow"},"canonical":"https:\/\/be.alfasigma.com\/fr\/a-propos-de-nous\/ethique-et-transparence\/relation-hcp-hco\/","og_locale":"fr_FR","og_type":"article","og_title":"Alfasigma BE - Relation HCP\/HCO","og_description":"A propos de nous \/ \u00c9thique &amp; Transparence \/ Relation avec les professionnels de la sant\u00e9 (HCP) et les organisations de sant\u00e9 (HCO) R\u00e9ciprocit\u00e9 et \u00e9thique La croissance mutuelle, la transparence et l\u2019orientation patient sont les valeurs qui guident notre dialogue avec la communaut\u00e9 m\u00e9dicale. Le partage des connaissances et des exp\u00e9riences avec les professionnels &hellip; Continued","og_url":"https:\/\/be.alfasigma.com\/fr\/a-propos-de-nous\/ethique-et-transparence\/relation-hcp-hco\/","og_site_name":"Alfasigma BE","article_modified_time":"2025-03-21T14:12:06+00:00","og_image":[{"width":1920,"height":1080,"url":"https:\/\/be.alfasigma.com\/wp-content\/uploads\/2020\/07\/GettyImages-596435227.jpg","type":"image\/jpeg"}],"twitter_card":"summary_large_image","twitter_misc":{"Dur\u00e9e de lecture estim\u00e9e":"2 minutes"},"schema":{"@context":"https:\/\/schema.org","@graph":[{"@type":"WebPage","@id":"https:\/\/be.alfasigma.com\/fr\/a-propos-de-nous\/ethique-et-transparence\/relation-hcp-hco\/","url":"https:\/\/be.alfasigma.com\/fr\/a-propos-de-nous\/ethique-et-transparence\/relation-hcp-hco\/","name":"Alfasigma BE - Relation HCP\/HCO","isPartOf":{"@id":"https:\/\/be.alfasigma.com\/nl\/#website"},"primaryImageOfPage":{"@id":"https:\/\/be.alfasigma.com\/fr\/a-propos-de-nous\/ethique-et-transparence\/relation-hcp-hco\/#primaryimage"},"image":{"@id":"https:\/\/be.alfasigma.com\/fr\/a-propos-de-nous\/ethique-et-transparence\/relation-hcp-hco\/#primaryimage"},"thumbnailUrl":"https:\/\/be.alfasigma.com\/wp-content\/uploads\/2020\/07\/GettyImages-596435227.jpg","datePublished":"2021-04-14T16:55:59+00:00","dateModified":"2025-03-21T14:12:06+00:00","breadcrumb":{"@id":"https:\/\/be.alfasigma.com\/fr\/a-propos-de-nous\/ethique-et-transparence\/relation-hcp-hco\/#breadcrumb"},"inLanguage":"fr-FR","potentialAction":[{"@type":"ReadAction","target":["https:\/\/be.alfasigma.com\/fr\/a-propos-de-nous\/ethique-et-transparence\/relation-hcp-hco\/"]}]},{"@type":"ImageObject","inLanguage":"fr-FR","@id":"https:\/\/be.alfasigma.com\/fr\/a-propos-de-nous\/ethique-et-transparence\/relation-hcp-hco\/#primaryimage","url":"https:\/\/be.alfasigma.com\/wp-content\/uploads\/2020\/07\/GettyImages-596435227.jpg","contentUrl":"https:\/\/be.alfasigma.com\/wp-content\/uploads\/2020\/07\/GettyImages-596435227.jpg","width":1920,"height":1080},{"@type":"BreadcrumbList","@id":"https:\/\/be.alfasigma.com\/fr\/a-propos-de-nous\/ethique-et-transparence\/relation-hcp-hco\/#breadcrumb","itemListElement":[{"@type":"ListItem","position":1,"name":"Home","item":"https:\/\/be.alfasigma.com\/fr\/"},{"@type":"ListItem","position":2,"name":"A propos de nous","item":"https:\/\/be.alfasigma.com\/fr\/a-propos-de-nous\/"},{"@type":"ListItem","position":3,"name":"\u00c9thique et transparence","item":"https:\/\/be.alfasigma.com\/fr\/a-propos-de-nous\/ethique-et-transparence\/"},{"@type":"ListItem","position":4,"name":"Relation HCP\/HCO"}]},{"@type":"WebSite","@id":"https:\/\/be.alfasigma.com\/nl\/#website","url":"https:\/\/be.alfasigma.com\/nl\/","name":"Alfasigma BE","description":"Pharmaceuticals with passion","potentialAction":[{"@type":"SearchAction","target":{"@type":"EntryPoint","urlTemplate":"https:\/\/be.alfasigma.com\/nl\/?s={search_term_string}"},"query-input":{"@type":"PropertyValueSpecification","valueRequired":true,"valueName":"search_term_string"}}],"inLanguage":"fr-FR"}]}},"_links":{"self":[{"href":"https:\/\/be.alfasigma.com\/fr\/wp-json\/wp\/v2\/pages\/4938","targetHints":{"allow":["GET"]}}],"collection":[{"href":"https:\/\/be.alfasigma.com\/fr\/wp-json\/wp\/v2\/pages"}],"about":[{"href":"https:\/\/be.alfasigma.com\/fr\/wp-json\/wp\/v2\/types\/page"}],"author":[{"embeddable":true,"href":"https:\/\/be.alfasigma.com\/fr\/wp-json\/wp\/v2\/users\/4"}],"replies":[{"embeddable":true,"href":"https:\/\/be.alfasigma.com\/fr\/wp-json\/wp\/v2\/comments?post=4938"}],"version-history":[{"count":31,"href":"https:\/\/be.alfasigma.com\/fr\/wp-json\/wp\/v2\/pages\/4938\/revisions"}],"predecessor-version":[{"id":6457,"href":"https:\/\/be.alfasigma.com\/fr\/wp-json\/wp\/v2\/pages\/4938\/revisions\/6457"}],"up":[{"embeddable":true,"href":"https:\/\/be.alfasigma.com\/fr\/wp-json\/wp\/v2\/pages\/4901"}],"wp:featuredmedia":[{"embeddable":true,"href":"https:\/\/be.alfasigma.com\/fr\/wp-json\/wp\/v2\/media\/4630"}],"wp:attachment":[{"href":"https:\/\/be.alfasigma.com\/fr\/wp-json\/wp\/v2\/media?parent=4938"}],"curies":[{"name":"wp","href":"https:\/\/api.w.org\/{rel}","templated":true}]}}