{"id":4966,"date":"2020-05-13T12:37:38","date_gmt":"2020-05-13T12:37:38","guid":{"rendered":"https:\/\/be.alfasigma.com\/a-propos-de-nous\/ethique-et-transparence\/patientenverenigingen\/"},"modified":"2025-03-21T14:11:24","modified_gmt":"2025-03-21T14:11:24","slug":"association-de-patients","status":"publish","type":"page","link":"https:\/\/be.alfasigma.com\/fr\/a-propos-de-nous\/ethique-et-transparence\/association-de-patients\/","title":{"rendered":"Association de Patients"},"content":{"rendered":"\t\t<div data-elementor-type=\"wp-page\" data-elementor-id=\"4966\" class=\"elementor elementor-4966 elementor-820\" data-elementor-post-type=\"page\">\n\t\t\t\t\t\t<section data-particle_enable=\"false\" data-particle-mobile-disabled=\"false\" class=\"elementor-section elementor-top-section elementor-element elementor-element-93aeffc elementor-section-stretched elementor-section-height-min-height elementor-section-items-top elementor-section-boxed elementor-section-height-default\" data-id=\"93aeffc\" data-element_type=\"section\" data-e-type=\"section\" data-settings=\"{&quot;stretch_section&quot;:&quot;section-stretched&quot;,&quot;background_background&quot;:&quot;classic&quot;}\">\n\t\t\t\t\t\t\t<div class=\"elementor-background-overlay\"><\/div>\n\t\t\t\t\t\t\t<div class=\"elementor-container elementor-column-gap-default\">\n\t\t\t\t\t<div class=\"elementor-column elementor-col-100 elementor-top-column elementor-element elementor-element-134e6b2\" data-id=\"134e6b2\" data-element_type=\"column\" data-e-type=\"column\">\n\t\t\t<div class=\"elementor-widget-wrap elementor-element-populated\">\n\t\t\t\t\t\t<div class=\"elementor-element elementor-element-93d6746 text-white font-weight-normal elementor-invisible elementor-widget elementor-widget-heading\" data-id=\"93d6746\" data-element_type=\"widget\" data-e-type=\"widget\" data-settings=\"{&quot;_animation&quot;:&quot;slideInLeft&quot;}\" data-widget_type=\"heading.default\">\n\t\t\t\t<div class=\"elementor-widget-container\">\n\t\t\t\t\t<p class=\"elementor-heading-title elementor-size-default\">A propos de nous \/ \u00c9thique &amp; Transparence \/ Associations patients<\/p>\t\t\t\t<\/div>\n\t\t\t\t<\/div>\n\t\t\t\t<div class=\"elementor-element elementor-element-0e73c21 text-white elementor-invisible elementor-widget elementor-widget-heading\" data-id=\"0e73c21\" data-element_type=\"widget\" data-e-type=\"widget\" data-settings=\"{&quot;_animation&quot;:&quot;slideInLeft&quot;}\" data-widget_type=\"heading.default\">\n\t\t\t\t<div class=\"elementor-widget-container\">\n\t\t\t\t\t<h1 class=\"elementor-heading-title elementor-size-default\">Soutenir les associations patients\n<\/h1>\t\t\t\t<\/div>\n\t\t\t\t<\/div>\n\t\t\t\t\t<\/div>\n\t\t<\/div>\n\t\t\t\t\t<\/div>\n\t\t<\/section>\n\t\t\t\t<section data-particle_enable=\"false\" data-particle-mobile-disabled=\"false\" class=\"elementor-section elementor-top-section elementor-element elementor-element-5bc0b38 elementor-section-boxed elementor-section-height-default elementor-section-height-default\" data-id=\"5bc0b38\" data-element_type=\"section\" data-e-type=\"section\">\n\t\t\t\t\t\t<div class=\"elementor-container elementor-column-gap-default\">\n\t\t\t\t\t<div class=\"elementor-column elementor-col-100 elementor-top-column elementor-element elementor-element-10c501a elementor-invisible\" data-id=\"10c501a\" data-element_type=\"column\" data-e-type=\"column\" data-settings=\"{&quot;animation&quot;:&quot;fadeIn&quot;}\">\n\t\t\t<div class=\"elementor-widget-wrap elementor-element-populated\">\n\t\t\t\t\t\t<div class=\"elementor-element elementor-element-94c11e0 elementor-widget elementor-widget-text-editor\" data-id=\"94c11e0\" data-element_type=\"widget\" data-e-type=\"widget\" data-widget_type=\"text-editor.default\">\n\t\t\t\t<div class=\"elementor-widget-container\">\n\t\t\t\t\t\t\t\t\t<p>Au fil des ann\u00e9es, Alfasigma a \u00e9tabli de solides relations de collaboration avec de nombreuses associations de patients \u2013 des organisations \u00e0 but non lucratif qui ont permis d\u2019apporter une meilleure assistance aux patients et un soutien tangible aux soignants dans leur mission. Gr\u00e2ce \u00e0 cette collaboration, Alfasigma s\u2019est mise en situation de mieux comprendre les priorit\u00e9s et les besoins des patients et aider les organisations \u00e0 diffuser des informations sur la maladie, le m\u00e9dicament et le traitement.<\/p><p>Ces associations sont soutenues par des dons ou des programmes de parrainage et des activit\u00e9s qui partagent des objectifs communs : promouvoir la diffusion des connaissances sur des troubles sp\u00e9cifiques, stimuler la recherche et prot\u00e9ger le droit \u00e0 la sant\u00e9.<\/p><p>Conform\u00e9ment \u00e0 son Code d\u2019\u00e9thique et aux principes de transparence, Alfasigma publie et met \u00e0 jour p\u00e9riodiquement la liste des associations de patients qu\u2019elle a soutenues.<\/p>\t\t\t\t\t\t\t\t<\/div>\n\t\t\t\t<\/div>\n\t\t\t\t\t<\/div>\n\t\t<\/div>\n\t\t\t\t\t<\/div>\n\t\t<\/section>\n\t\t\t\t<section data-particle_enable=\"false\" data-particle-mobile-disabled=\"false\" class=\"elementor-section elementor-top-section elementor-element elementor-element-d7143fa bg-primary elementor-section-boxed elementor-section-height-default elementor-section-height-default\" data-id=\"d7143fa\" data-element_type=\"section\" data-e-type=\"section\">\n\t\t\t\t\t\t<div class=\"elementor-container elementor-column-gap-extended\">\n\t\t\t\t\t<div class=\"elementor-column elementor-col-100 elementor-top-column elementor-element elementor-element-b290e4f elementor-invisible\" data-id=\"b290e4f\" data-element_type=\"column\" data-e-type=\"column\" data-settings=\"{&quot;animation&quot;:&quot;fadeIn&quot;}\">\n\t\t\t<div class=\"elementor-widget-wrap elementor-element-populated\">\n\t\t\t\t\t\t<div class=\"elementor-element elementor-element-dde97d7 elementor-widget elementor-widget-heading\" data-id=\"dde97d7\" data-element_type=\"widget\" data-e-type=\"widget\" data-widget_type=\"heading.default\">\n\t\t\t\t<div class=\"elementor-widget-container\">\n\t\t\t\t\t<h3 class=\"elementor-heading-title elementor-size-default\">Plus d'info<\/h3>\t\t\t\t<\/div>\n\t\t\t\t<\/div>\n\t\t\t\t\t<\/div>\n\t\t<\/div>\n\t\t\t\t\t<\/div>\n\t\t<\/section>\n\t\t\t\t<section data-particle_enable=\"false\" data-particle-mobile-disabled=\"false\" class=\"elementor-section elementor-top-section elementor-element elementor-element-043d8bf bg-primary elementor-section-boxed elementor-section-height-default elementor-section-height-default\" data-id=\"043d8bf\" data-element_type=\"section\" data-e-type=\"section\" data-settings=\"{&quot;animation&quot;:&quot;none&quot;}\">\n\t\t\t\t\t\t<div class=\"elementor-container elementor-column-gap-extended\">\n\t\t\t\t\t<div class=\"elementor-column elementor-col-33 elementor-top-column elementor-element elementor-element-91b83b3 elementor-invisible\" data-id=\"91b83b3\" data-element_type=\"column\" data-e-type=\"column\" data-settings=\"{&quot;animation&quot;:&quot;zoomIn&quot;}\">\n\t\t\t<div class=\"elementor-widget-wrap elementor-element-populated\">\n\t\t\t\t\t\t<div class=\"elementor-element elementor-element-756d6cc elementor-cta--skin-classic elementor-animated-content elementor-bg-transform elementor-bg-transform-zoom-in elementor-widget elementor-widget-call-to-action\" data-id=\"756d6cc\" data-element_type=\"widget\" data-e-type=\"widget\" data-widget_type=\"call-to-action.default\">\n\t\t\t\t<div class=\"elementor-widget-container\">\n\t\t\t\t\t\t\t<a class=\"elementor-cta\" href=\"https:\/\/be.alfasigma.com\/a-propos-de-nous\/ethique-et-transparence\/code-dethique\/?lang=fr\">\n\t\t\t\t\t<div class=\"elementor-cta__bg-wrapper\">\n\t\t\t\t<div class=\"elementor-cta__bg elementor-bg\" style=\"background-image: url(https:\/\/be.alfasigma.com\/wp-content\/uploads\/2020\/07\/POMEZIA_0725_FOTO_NICCOLO_BIDDAU.jpg);\" role=\"img\" aria-label=\"POMEZIA_0725_FOTO_NICCOLO_BIDDAU\"><\/div>\n\t\t\t\t<div class=\"elementor-cta__bg-overlay\"><\/div>\n\t\t\t<\/div>\n\t\t\t\t\t\t\t\t<\/a>\n\t\t\t\t\t\t<\/div>\n\t\t\t\t<\/div>\n\t\t\t\t<div class=\"elementor-element elementor-element-35393da elementor-widget elementor-widget-heading\" data-id=\"35393da\" data-element_type=\"widget\" data-e-type=\"widget\" data-widget_type=\"heading.default\">\n\t\t\t\t<div class=\"elementor-widget-container\">\n\t\t\t\t\t<h4 class=\"elementor-heading-title elementor-size-default\"><a href=\"https:\/\/be.alfasigma.com\/a-propos-de-nous\/ethique-et-transparence\/code-dethique\/?lang=fr\">Code d'\u00e9thique<\/a><\/h4>\t\t\t\t<\/div>\n\t\t\t\t<\/div>\n\t\t\t\t<div class=\"elementor-element elementor-element-61b1704 elementor-widget elementor-widget-text-editor\" data-id=\"61b1704\" data-element_type=\"widget\" data-e-type=\"widget\" data-widget_type=\"text-editor.default\">\n\t\t\t\t<div class=\"elementor-widget-container\">\n\t\t\t\t\t\t\t\t\t<p>Le code d&rsquo;\u00e9thique est un contrat social entre l&rsquo;entreprise et les parties prenantes internes et externes, avec un ensemble de r\u00e8gles qui r\u00e9gissent l&rsquo;ensemble du syst\u00e8me Alfasigma.<\/p>\t\t\t\t\t\t\t\t<\/div>\n\t\t\t\t<\/div>\n\t\t\t\t\t<\/div>\n\t\t<\/div>\n\t\t\t\t<div class=\"elementor-column elementor-col-33 elementor-top-column elementor-element elementor-element-1c69626 elementor-invisible\" data-id=\"1c69626\" data-element_type=\"column\" data-e-type=\"column\" data-settings=\"{&quot;animation&quot;:&quot;zoomIn&quot;}\">\n\t\t\t<div class=\"elementor-widget-wrap elementor-element-populated\">\n\t\t\t\t\t\t<div class=\"elementor-element elementor-element-c5df5c9 elementor-cta--skin-classic elementor-animated-content elementor-bg-transform elementor-bg-transform-zoom-in elementor-widget elementor-widget-call-to-action\" data-id=\"c5df5c9\" data-element_type=\"widget\" data-e-type=\"widget\" data-widget_type=\"call-to-action.default\">\n\t\t\t\t<div class=\"elementor-widget-container\">\n\t\t\t\t\t\t\t<a class=\"elementor-cta\" href=\"https:\/\/be.alfasigma.com\/rse\/?lang=fr\">\n\t\t\t\t\t<div class=\"elementor-cta__bg-wrapper\">\n\t\t\t\t<div class=\"elementor-cta__bg elementor-bg\" style=\"background-image: url(https:\/\/be.alfasigma.com\/wp-content\/uploads\/2025\/03\/GettyImages-596435227.jpg);\" role=\"img\" aria-label=\"GettyImages-596435227\"><\/div>\n\t\t\t\t<div class=\"elementor-cta__bg-overlay\"><\/div>\n\t\t\t<\/div>\n\t\t\t\t\t\t\t\t<\/a>\n\t\t\t\t\t\t<\/div>\n\t\t\t\t<\/div>\n\t\t\t\t<div class=\"elementor-element elementor-element-ac7b1ae elementor-widget elementor-widget-heading\" data-id=\"ac7b1ae\" data-element_type=\"widget\" data-e-type=\"widget\" data-widget_type=\"heading.default\">\n\t\t\t\t<div class=\"elementor-widget-container\">\n\t\t\t\t\t<h4 class=\"elementor-heading-title elementor-size-default\"><a href=\"https:\/\/be.alfasigma.com\/rse\/?lang=fr\">Responsabilit\u00e9 Soci\u00e9tale de l\u2019Entreprise (RSE) <\/a><\/h4>\t\t\t\t<\/div>\n\t\t\t\t<\/div>\n\t\t\t\t<div class=\"elementor-element elementor-element-92da3ff elementor-widget elementor-widget-text-editor\" data-id=\"92da3ff\" data-element_type=\"widget\" data-e-type=\"widget\" data-widget_type=\"text-editor.default\">\n\t\t\t\t<div class=\"elementor-widget-container\">\n\t\t\t\t\t\t\t\t\t<p>Pendant la crise du COVID-19, nous avons encourag\u00e9 et soutenu les travailleurs humanitaires par de nombreuses initiatives dans le monde entier.<\/p>\t\t\t\t\t\t\t\t<\/div>\n\t\t\t\t<\/div>\n\t\t\t\t\t<\/div>\n\t\t<\/div>\n\t\t\t\t<div class=\"elementor-column elementor-col-33 elementor-top-column elementor-element elementor-element-53beca6 elementor-invisible\" data-id=\"53beca6\" data-element_type=\"column\" data-e-type=\"column\" data-settings=\"{&quot;animation&quot;:&quot;zoomIn&quot;}\">\n\t\t\t<div class=\"elementor-widget-wrap elementor-element-populated\">\n\t\t\t\t\t\t<div class=\"elementor-element elementor-element-f060a0a elementor-cta--skin-classic elementor-animated-content elementor-bg-transform elementor-bg-transform-zoom-in elementor-widget elementor-widget-call-to-action\" data-id=\"f060a0a\" data-element_type=\"widget\" data-e-type=\"widget\" data-widget_type=\"call-to-action.default\">\n\t\t\t\t<div class=\"elementor-widget-container\">\n\t\t\t\t\t\t\t<a class=\"elementor-cta\" href=\"https:\/\/be.alfasigma.com\/a-propos-de-nous\/ethique-et-transparence\/pharmacovigilance\/?lang=fr\">\n\t\t\t\t\t<div class=\"elementor-cta__bg-wrapper\">\n\t\t\t\t<div class=\"elementor-cta__bg elementor-bg\" style=\"background-image: url(https:\/\/be.alfasigma.com\/wp-content\/uploads\/2020\/05\/pharmacovigilance-alfasigma.jpg);\" role=\"img\" aria-label=\"pharmacovigilance-alfasigma\"><\/div>\n\t\t\t\t<div class=\"elementor-cta__bg-overlay\"><\/div>\n\t\t\t<\/div>\n\t\t\t\t\t\t\t\t<\/a>\n\t\t\t\t\t\t<\/div>\n\t\t\t\t<\/div>\n\t\t\t\t<div class=\"elementor-element elementor-element-1d61177 elementor-widget elementor-widget-heading\" data-id=\"1d61177\" data-element_type=\"widget\" data-e-type=\"widget\" data-widget_type=\"heading.default\">\n\t\t\t\t<div class=\"elementor-widget-container\">\n\t\t\t\t\t<h4 class=\"elementor-heading-title elementor-size-default\"><a href=\"https:\/\/be.alfasigma.com\/a-propos-de-nous\/ethique-et-transparence\/pharmacovigilance\/?lang=fr\">Pharmacovigilance<\/a><\/h4>\t\t\t\t<\/div>\n\t\t\t\t<\/div>\n\t\t\t\t<div class=\"elementor-element elementor-element-3111a9b elementor-widget elementor-widget-text-editor\" data-id=\"3111a9b\" data-element_type=\"widget\" data-e-type=\"widget\" data-widget_type=\"text-editor.default\">\n\t\t\t\t<div class=\"elementor-widget-container\">\n\t\t\t\t\t\t\t\t\t<p>La d\u00e9claration d&rsquo;un effet ind\u00e9sirable d&rsquo;un m\u00e9dicament est importante pour prot\u00e9ger les patients qui prennent ce m\u00e9dicament et permet de r\u00e9aliser une analyse approfondie des risques et des avantages.<\/p>\t\t\t\t\t\t\t\t<\/div>\n\t\t\t\t<\/div>\n\t\t\t\t\t<\/div>\n\t\t<\/div>\n\t\t\t\t\t<\/div>\n\t\t<\/section>\n\t\t\t\t<\/div>\n\t\t","protected":false},"excerpt":{"rendered":"<p>A propos de nous \/ \u00c9thique &amp; Transparence \/ Associations patients Soutenir les associations patients Au fil des ann\u00e9es, Alfasigma a \u00e9tabli de solides relations de collaboration avec de nombreuses associations de patients \u2013 des organisations \u00e0 but non lucratif qui ont permis d\u2019apporter une meilleure assistance aux patients et un soutien tangible aux soignants &hellip; <a href=\"https:\/\/be.alfasigma.com\/fr\/a-propos-de-nous\/ethique-et-transparence\/association-de-patients\/\">Continued<\/a><\/p>\n","protected":false},"author":1,"featured_media":4632,"parent":4901,"menu_order":0,"comment_status":"closed","ping_status":"closed","template":"views\/template-custom.blade.php","meta":{"_acf_changed":false,"footnotes":""},"class_list":["post-4966","page","type-page","status-publish","has-post-thumbnail","hentry"],"acf":[],"yoast_head":"<!-- This site is optimized with the Yoast SEO plugin v27.3 - https:\/\/yoast.com\/product\/yoast-seo-wordpress\/ -->\n<title>Alfasigma BE - Association de Patients<\/title>\n<meta name=\"robots\" content=\"index,follow\" \/>\n<link rel=\"canonical\" href=\"https:\/\/be.alfasigma.com\/fr\/a-propos-de-nous\/ethique-et-transparence\/association-de-patients\/\" \/>\n<meta property=\"og:locale\" content=\"fr_FR\" \/>\n<meta property=\"og:type\" content=\"article\" \/>\n<meta property=\"og:title\" content=\"Alfasigma BE - Association de Patients\" \/>\n<meta property=\"og:description\" content=\"A propos de nous \/ \u00c9thique &amp; Transparence \/ Associations patients Soutenir les associations patients Au fil des ann\u00e9es, Alfasigma a \u00e9tabli de solides relations de collaboration avec de nombreuses associations de patients \u2013 des organisations \u00e0 but non lucratif qui ont permis d\u2019apporter une meilleure assistance aux patients et un soutien tangible aux soignants &hellip; Continued\" \/>\n<meta property=\"og:url\" content=\"https:\/\/be.alfasigma.com\/fr\/a-propos-de-nous\/ethique-et-transparence\/association-de-patients\/\" \/>\n<meta property=\"og:site_name\" content=\"Alfasigma BE\" \/>\n<meta property=\"article:modified_time\" content=\"2025-03-21T14:11:24+00:00\" \/>\n<meta property=\"og:image\" content=\"https:\/\/be.alfasigma.com\/wp-content\/uploads\/2020\/07\/GettyImages-1132431622.jpg\" \/>\n\t<meta property=\"og:image:width\" content=\"1920\" \/>\n\t<meta property=\"og:image:height\" content=\"1080\" \/>\n\t<meta property=\"og:image:type\" content=\"image\/jpeg\" \/>\n<meta name=\"twitter:card\" content=\"summary_large_image\" \/>\n<meta name=\"twitter:label1\" content=\"Dur\u00e9e de lecture estim\u00e9e\" \/>\n\t<meta name=\"twitter:data1\" content=\"2 minutes\" \/>\n<script type=\"application\/ld+json\" class=\"yoast-schema-graph\">{\"@context\":\"https:\\\/\\\/schema.org\",\"@graph\":[{\"@type\":\"WebPage\",\"@id\":\"https:\\\/\\\/be.alfasigma.com\\\/fr\\\/a-propos-de-nous\\\/ethique-et-transparence\\\/association-de-patients\\\/\",\"url\":\"https:\\\/\\\/be.alfasigma.com\\\/fr\\\/a-propos-de-nous\\\/ethique-et-transparence\\\/association-de-patients\\\/\",\"name\":\"Alfasigma BE - Association de Patients\",\"isPartOf\":{\"@id\":\"https:\\\/\\\/be.alfasigma.com\\\/nl\\\/#website\"},\"primaryImageOfPage\":{\"@id\":\"https:\\\/\\\/be.alfasigma.com\\\/fr\\\/a-propos-de-nous\\\/ethique-et-transparence\\\/association-de-patients\\\/#primaryimage\"},\"image\":{\"@id\":\"https:\\\/\\\/be.alfasigma.com\\\/fr\\\/a-propos-de-nous\\\/ethique-et-transparence\\\/association-de-patients\\\/#primaryimage\"},\"thumbnailUrl\":\"https:\\\/\\\/be.alfasigma.com\\\/wp-content\\\/uploads\\\/2020\\\/07\\\/GettyImages-1132431622.jpg\",\"datePublished\":\"2020-05-13T12:37:38+00:00\",\"dateModified\":\"2025-03-21T14:11:24+00:00\",\"breadcrumb\":{\"@id\":\"https:\\\/\\\/be.alfasigma.com\\\/fr\\\/a-propos-de-nous\\\/ethique-et-transparence\\\/association-de-patients\\\/#breadcrumb\"},\"inLanguage\":\"fr-FR\",\"potentialAction\":[{\"@type\":\"ReadAction\",\"target\":[\"https:\\\/\\\/be.alfasigma.com\\\/fr\\\/a-propos-de-nous\\\/ethique-et-transparence\\\/association-de-patients\\\/\"]}]},{\"@type\":\"ImageObject\",\"inLanguage\":\"fr-FR\",\"@id\":\"https:\\\/\\\/be.alfasigma.com\\\/fr\\\/a-propos-de-nous\\\/ethique-et-transparence\\\/association-de-patients\\\/#primaryimage\",\"url\":\"https:\\\/\\\/be.alfasigma.com\\\/wp-content\\\/uploads\\\/2020\\\/07\\\/GettyImages-1132431622.jpg\",\"contentUrl\":\"https:\\\/\\\/be.alfasigma.com\\\/wp-content\\\/uploads\\\/2020\\\/07\\\/GettyImages-1132431622.jpg\",\"width\":1920,\"height\":1080},{\"@type\":\"BreadcrumbList\",\"@id\":\"https:\\\/\\\/be.alfasigma.com\\\/fr\\\/a-propos-de-nous\\\/ethique-et-transparence\\\/association-de-patients\\\/#breadcrumb\",\"itemListElement\":[{\"@type\":\"ListItem\",\"position\":1,\"name\":\"Home\",\"item\":\"https:\\\/\\\/be.alfasigma.com\\\/fr\\\/\"},{\"@type\":\"ListItem\",\"position\":2,\"name\":\"A propos de nous\",\"item\":\"https:\\\/\\\/be.alfasigma.com\\\/fr\\\/a-propos-de-nous\\\/\"},{\"@type\":\"ListItem\",\"position\":3,\"name\":\"\u00c9thique et transparence\",\"item\":\"https:\\\/\\\/be.alfasigma.com\\\/fr\\\/a-propos-de-nous\\\/ethique-et-transparence\\\/\"},{\"@type\":\"ListItem\",\"position\":4,\"name\":\"Association de Patients\"}]},{\"@type\":\"WebSite\",\"@id\":\"https:\\\/\\\/be.alfasigma.com\\\/nl\\\/#website\",\"url\":\"https:\\\/\\\/be.alfasigma.com\\\/nl\\\/\",\"name\":\"Alfasigma BE\",\"description\":\"Pharmaceuticals with passion\",\"potentialAction\":[{\"@type\":\"SearchAction\",\"target\":{\"@type\":\"EntryPoint\",\"urlTemplate\":\"https:\\\/\\\/be.alfasigma.com\\\/nl\\\/?s={search_term_string}\"},\"query-input\":{\"@type\":\"PropertyValueSpecification\",\"valueRequired\":true,\"valueName\":\"search_term_string\"}}],\"inLanguage\":\"fr-FR\"}]}<\/script>\n<!-- \/ Yoast SEO plugin. -->","yoast_head_json":{"title":"Alfasigma BE - Association de Patients","robots":{"index,follow":"index,follow"},"canonical":"https:\/\/be.alfasigma.com\/fr\/a-propos-de-nous\/ethique-et-transparence\/association-de-patients\/","og_locale":"fr_FR","og_type":"article","og_title":"Alfasigma BE - Association de Patients","og_description":"A propos de nous \/ \u00c9thique &amp; Transparence \/ Associations patients Soutenir les associations patients Au fil des ann\u00e9es, Alfasigma a \u00e9tabli de solides relations de collaboration avec de nombreuses associations de patients \u2013 des organisations \u00e0 but non lucratif qui ont permis d\u2019apporter une meilleure assistance aux patients et un soutien tangible aux soignants &hellip; Continued","og_url":"https:\/\/be.alfasigma.com\/fr\/a-propos-de-nous\/ethique-et-transparence\/association-de-patients\/","og_site_name":"Alfasigma BE","article_modified_time":"2025-03-21T14:11:24+00:00","og_image":[{"width":1920,"height":1080,"url":"https:\/\/be.alfasigma.com\/wp-content\/uploads\/2020\/07\/GettyImages-1132431622.jpg","type":"image\/jpeg"}],"twitter_card":"summary_large_image","twitter_misc":{"Dur\u00e9e de lecture estim\u00e9e":"2 minutes"},"schema":{"@context":"https:\/\/schema.org","@graph":[{"@type":"WebPage","@id":"https:\/\/be.alfasigma.com\/fr\/a-propos-de-nous\/ethique-et-transparence\/association-de-patients\/","url":"https:\/\/be.alfasigma.com\/fr\/a-propos-de-nous\/ethique-et-transparence\/association-de-patients\/","name":"Alfasigma BE - Association de Patients","isPartOf":{"@id":"https:\/\/be.alfasigma.com\/nl\/#website"},"primaryImageOfPage":{"@id":"https:\/\/be.alfasigma.com\/fr\/a-propos-de-nous\/ethique-et-transparence\/association-de-patients\/#primaryimage"},"image":{"@id":"https:\/\/be.alfasigma.com\/fr\/a-propos-de-nous\/ethique-et-transparence\/association-de-patients\/#primaryimage"},"thumbnailUrl":"https:\/\/be.alfasigma.com\/wp-content\/uploads\/2020\/07\/GettyImages-1132431622.jpg","datePublished":"2020-05-13T12:37:38+00:00","dateModified":"2025-03-21T14:11:24+00:00","breadcrumb":{"@id":"https:\/\/be.alfasigma.com\/fr\/a-propos-de-nous\/ethique-et-transparence\/association-de-patients\/#breadcrumb"},"inLanguage":"fr-FR","potentialAction":[{"@type":"ReadAction","target":["https:\/\/be.alfasigma.com\/fr\/a-propos-de-nous\/ethique-et-transparence\/association-de-patients\/"]}]},{"@type":"ImageObject","inLanguage":"fr-FR","@id":"https:\/\/be.alfasigma.com\/fr\/a-propos-de-nous\/ethique-et-transparence\/association-de-patients\/#primaryimage","url":"https:\/\/be.alfasigma.com\/wp-content\/uploads\/2020\/07\/GettyImages-1132431622.jpg","contentUrl":"https:\/\/be.alfasigma.com\/wp-content\/uploads\/2020\/07\/GettyImages-1132431622.jpg","width":1920,"height":1080},{"@type":"BreadcrumbList","@id":"https:\/\/be.alfasigma.com\/fr\/a-propos-de-nous\/ethique-et-transparence\/association-de-patients\/#breadcrumb","itemListElement":[{"@type":"ListItem","position":1,"name":"Home","item":"https:\/\/be.alfasigma.com\/fr\/"},{"@type":"ListItem","position":2,"name":"A propos de nous","item":"https:\/\/be.alfasigma.com\/fr\/a-propos-de-nous\/"},{"@type":"ListItem","position":3,"name":"\u00c9thique et transparence","item":"https:\/\/be.alfasigma.com\/fr\/a-propos-de-nous\/ethique-et-transparence\/"},{"@type":"ListItem","position":4,"name":"Association de Patients"}]},{"@type":"WebSite","@id":"https:\/\/be.alfasigma.com\/nl\/#website","url":"https:\/\/be.alfasigma.com\/nl\/","name":"Alfasigma BE","description":"Pharmaceuticals with passion","potentialAction":[{"@type":"SearchAction","target":{"@type":"EntryPoint","urlTemplate":"https:\/\/be.alfasigma.com\/nl\/?s={search_term_string}"},"query-input":{"@type":"PropertyValueSpecification","valueRequired":true,"valueName":"search_term_string"}}],"inLanguage":"fr-FR"}]}},"_links":{"self":[{"href":"https:\/\/be.alfasigma.com\/fr\/wp-json\/wp\/v2\/pages\/4966","targetHints":{"allow":["GET"]}}],"collection":[{"href":"https:\/\/be.alfasigma.com\/fr\/wp-json\/wp\/v2\/pages"}],"about":[{"href":"https:\/\/be.alfasigma.com\/fr\/wp-json\/wp\/v2\/types\/page"}],"author":[{"embeddable":true,"href":"https:\/\/be.alfasigma.com\/fr\/wp-json\/wp\/v2\/users\/1"}],"replies":[{"embeddable":true,"href":"https:\/\/be.alfasigma.com\/fr\/wp-json\/wp\/v2\/comments?post=4966"}],"version-history":[{"count":17,"href":"https:\/\/be.alfasigma.com\/fr\/wp-json\/wp\/v2\/pages\/4966\/revisions"}],"predecessor-version":[{"id":6451,"href":"https:\/\/be.alfasigma.com\/fr\/wp-json\/wp\/v2\/pages\/4966\/revisions\/6451"}],"up":[{"embeddable":true,"href":"https:\/\/be.alfasigma.com\/fr\/wp-json\/wp\/v2\/pages\/4901"}],"wp:featuredmedia":[{"embeddable":true,"href":"https:\/\/be.alfasigma.com\/fr\/wp-json\/wp\/v2\/media\/4632"}],"wp:attachment":[{"href":"https:\/\/be.alfasigma.com\/fr\/wp-json\/wp\/v2\/media?parent=4966"}],"curies":[{"name":"wp","href":"https:\/\/api.w.org\/{rel}","templated":true}]}}