{"id":4982,"date":"2020-05-13T12:47:15","date_gmt":"2020-05-13T12:47:15","guid":{"rendered":"https:\/\/be.alfasigma.com\/a-propos-de-nous\/ethique-et-transparence\/geneesmiddelenbewaking\/"},"modified":"2025-08-21T06:36:08","modified_gmt":"2025-08-21T06:36:08","slug":"pharmacovigilance","status":"publish","type":"page","link":"https:\/\/be.alfasigma.com\/fr\/a-propos-de-nous\/ethique-et-transparence\/pharmacovigilance\/","title":{"rendered":"Pharmacovigilance"},"content":{"rendered":"\t\t<div data-elementor-type=\"wp-page\" data-elementor-id=\"4982\" class=\"elementor elementor-4982 elementor-826\" data-elementor-post-type=\"page\">\n\t\t\t\t\t\t<section data-particle_enable=\"false\" data-particle-mobile-disabled=\"false\" class=\"elementor-section elementor-top-section elementor-element elementor-element-f2a4cc0 elementor-section-stretched elementor-section-height-min-height elementor-section-items-top elementor-section-boxed elementor-section-height-default\" data-id=\"f2a4cc0\" data-element_type=\"section\" data-e-type=\"section\" data-settings=\"{&quot;stretch_section&quot;:&quot;section-stretched&quot;,&quot;background_background&quot;:&quot;classic&quot;}\">\n\t\t\t\t\t\t\t<div class=\"elementor-background-overlay\"><\/div>\n\t\t\t\t\t\t\t<div class=\"elementor-container elementor-column-gap-default\">\n\t\t\t\t\t<div class=\"elementor-column elementor-col-100 elementor-top-column elementor-element elementor-element-9bf0525\" data-id=\"9bf0525\" data-element_type=\"column\" data-e-type=\"column\">\n\t\t\t<div class=\"elementor-widget-wrap elementor-element-populated\">\n\t\t\t\t\t\t<div class=\"elementor-element elementor-element-6856e4d text-white font-weight-normal elementor-invisible elementor-widget elementor-widget-heading\" data-id=\"6856e4d\" data-element_type=\"widget\" data-e-type=\"widget\" data-settings=\"{&quot;_animation&quot;:&quot;slideInLeft&quot;}\" data-widget_type=\"heading.default\">\n\t\t\t\t<div class=\"elementor-widget-container\">\n\t\t\t\t\t<p class=\"elementor-heading-title elementor-size-default\">a propos de nous\/ethique et transparence\/pharmacovigilance\/<\/p>\t\t\t\t<\/div>\n\t\t\t\t<\/div>\n\t\t\t\t<div class=\"elementor-element elementor-element-0e2b855 text-white elementor-invisible elementor-widget elementor-widget-heading\" data-id=\"0e2b855\" data-element_type=\"widget\" data-e-type=\"widget\" data-settings=\"{&quot;_animation&quot;:&quot;slideInLeft&quot;}\" data-widget_type=\"heading.default\">\n\t\t\t\t<div class=\"elementor-widget-container\">\n\t\t\t\t\t<h1 class=\"elementor-heading-title elementor-size-default\">Notifier des effets ind\u00e9sirables <\/h1>\t\t\t\t<\/div>\n\t\t\t\t<\/div>\n\t\t\t\t\t<\/div>\n\t\t<\/div>\n\t\t\t\t\t<\/div>\n\t\t<\/section>\n\t\t\t\t<section data-particle_enable=\"false\" data-particle-mobile-disabled=\"false\" class=\"elementor-section elementor-top-section elementor-element elementor-element-ed5fb1f elementor-section-boxed elementor-section-height-default elementor-section-height-default\" data-id=\"ed5fb1f\" data-element_type=\"section\" data-e-type=\"section\">\n\t\t\t\t\t\t<div class=\"elementor-container elementor-column-gap-default\">\n\t\t\t\t\t<div class=\"elementor-column elementor-col-100 elementor-top-column elementor-element elementor-element-34e7c43\" data-id=\"34e7c43\" data-element_type=\"column\" data-e-type=\"column\" data-settings=\"{&quot;animation&quot;:&quot;none&quot;}\">\n\t\t\t<div class=\"elementor-widget-wrap elementor-element-populated\">\n\t\t\t\t\t\t<div class=\"elementor-element elementor-element-94c11e0 elementor-widget elementor-widget-text-editor\" data-id=\"94c11e0\" data-element_type=\"widget\" data-e-type=\"widget\" data-widget_type=\"text-editor.default\">\n\t\t\t\t<div class=\"elementor-widget-container\">\n\t\t\t\t\t\t\t\t\t<p><strong>La pharmacovigilance est l\u2019ensemble des activit\u00e9s visant \u00e0 identifier, \u00e9valuer, comprendre et pr\u00e9venir les effets ind\u00e9sirables ou tout effet n\u00e9gatif et non souhait\u00e9 survenant apr\u00e8s l\u2019utilisation d\u2019un m\u00e9dicament.<\/strong><\/p><p>La notification d\u2019un effet ind\u00e9sirable li\u00e9 \u00e0 l\u2019utilisation d\u2019un m\u00e9dicament est extr\u00eamement pr\u00e9cieuse car il permet d\u2019informer correctement les m\u00e9decins prescripteurs, de prot\u00e9ger les patients qui utilisent le m\u00e9dicament et de garantir une \u00e9valuation \u00e9quilibr\u00e9e des risques et des b\u00e9n\u00e9fices pour la population de patients.<\/p>\t\t\t\t\t\t\t\t<\/div>\n\t\t\t\t<\/div>\n\t\t\t\t\t<\/div>\n\t\t<\/div>\n\t\t\t\t\t<\/div>\n\t\t<\/section>\n\t\t\t\t<section data-particle_enable=\"false\" data-particle-mobile-disabled=\"false\" class=\"elementor-section elementor-top-section elementor-element elementor-element-94c5f6b elementor-section-boxed elementor-section-height-default elementor-section-height-default\" data-id=\"94c5f6b\" data-element_type=\"section\" data-e-type=\"section\">\n\t\t\t\t\t\t<div class=\"elementor-container elementor-column-gap-default\">\n\t\t\t\t\t<div class=\"elementor-column elementor-col-100 elementor-top-column elementor-element elementor-element-f7f18f6\" data-id=\"f7f18f6\" data-element_type=\"column\" data-e-type=\"column\" data-settings=\"{&quot;animation&quot;:&quot;none&quot;}\">\n\t\t\t<div class=\"elementor-widget-wrap elementor-element-populated\">\n\t\t\t\t\t\t<div class=\"elementor-element elementor-element-af5a0af elementor-widget elementor-widget-heading\" data-id=\"af5a0af\" data-element_type=\"widget\" data-e-type=\"widget\" data-widget_type=\"heading.default\">\n\t\t\t\t<div class=\"elementor-widget-container\">\n\t\t\t\t\t<h5 class=\"elementor-heading-title elementor-size-default\">Comment notifier un effet ind\u00e9sirable ?<\/h5>\t\t\t\t<\/div>\n\t\t\t\t<\/div>\n\t\t\t\t\t<\/div>\n\t\t<\/div>\n\t\t\t\t\t<\/div>\n\t\t<\/section>\n\t\t\t\t<section data-particle_enable=\"false\" data-particle-mobile-disabled=\"false\" class=\"elementor-section elementor-top-section elementor-element elementor-element-3a5d441 elementor-section-boxed elementor-section-height-default elementor-section-height-default\" data-id=\"3a5d441\" data-element_type=\"section\" data-e-type=\"section\">\n\t\t\t\t\t\t<div class=\"elementor-container elementor-column-gap-default\">\n\t\t\t\t\t<div class=\"elementor-column elementor-col-100 elementor-top-column elementor-element elementor-element-dc87ab9\" data-id=\"dc87ab9\" data-element_type=\"column\" data-e-type=\"column\" data-settings=\"{&quot;animation&quot;:&quot;none&quot;}\">\n\t\t\t<div class=\"elementor-widget-wrap elementor-element-populated\">\n\t\t\t\t\t\t<div class=\"elementor-element elementor-element-b9df9a0 elementor-widget elementor-widget-heading\" data-id=\"b9df9a0\" data-element_type=\"widget\" data-e-type=\"widget\" data-widget_type=\"heading.default\">\n\t\t\t\t<div class=\"elementor-widget-container\">\n\t\t\t\t\t<h5 class=\"elementor-heading-title elementor-size-default\">Vous \u00eates patient<\/h5>\t\t\t\t<\/div>\n\t\t\t\t<\/div>\n\t\t\t\t<div class=\"elementor-element elementor-element-8dab12f elementor-widget elementor-widget-text-editor\" data-id=\"8dab12f\" data-element_type=\"widget\" data-e-type=\"widget\" data-widget_type=\"text-editor.default\">\n\t\t\t\t<div class=\"elementor-widget-container\">\n\t\t\t\t\t\t\t\t\t<p>Tout effet ind\u00e9sirable ou non souhait\u00e9 survenant pendant ou apr\u00e8s un traitement m\u00e9dicamenteux doit \u00eatre imm\u00e9diatement notifi\u00e9 au professionnel de sant\u00e9, au m\u00e9decin traitant ou au pharmacien. Un effet ind\u00e9sirable suspect\u00e9 peut \u00eatre notifi\u00e9 via :<\/p><p><strong>Belgique<\/strong><br \/>Agence F\u00e9d\u00e9rale des M\u00e9dicaments et des Produits de Sant\u00e9<br \/>Surveillance des m\u00e9dicaments \u00e0 usage humain<br \/>EUROSTATION II<br \/>Place Victor Horta, 40\/40<br \/>B-1060 Bruxelles<br \/>Site internet :\u00a0www.afmps.be\/fr\/effet_indesirable<br \/>E-mail :\u00a0<a href=\"mailto:ADR@afmps.be\">ADR@afmps.be<\/a><br \/><br \/><b>Luxembourg<\/b><br \/>Direction de la Sant\u00e9 \u2013 Division de la Pharmacie et des M\u00e9dicaments<br \/>Villa Louvigny \u2013 All\u00e9e Marconi<br \/>L-2120 Luxembourg<br \/>Site internet :\u00a0http:\/\/www.ms.public.lu\/fr\/activites\/pharmacie-medicament\/index.html<\/p><p>En signalant les effets ind\u00e9sirables, vous contribuez \u00e0 fournir davantage d\u2019informations sur la s\u00e9curit\u00e9 des m\u00e9dicaments.<\/p>\t\t\t\t\t\t\t\t<\/div>\n\t\t\t\t<\/div>\n\t\t\t\t<div class=\"elementor-element elementor-element-82fbed2 elementor-widget elementor-widget-heading\" data-id=\"82fbed2\" data-element_type=\"widget\" data-e-type=\"widget\" data-widget_type=\"heading.default\">\n\t\t\t\t<div class=\"elementor-widget-container\">\n\t\t\t\t\t<h5 class=\"elementor-heading-title elementor-size-default\">Vous \u00eates un professionnel de la sant\u00e9<\/h5>\t\t\t\t<\/div>\n\t\t\t\t<\/div>\n\t\t\t\t<div class=\"elementor-element elementor-element-142f469 elementor-widget elementor-widget-text-editor\" data-id=\"142f469\" data-element_type=\"widget\" data-e-type=\"widget\" data-widget_type=\"text-editor.default\">\n\t\t\t\t<div class=\"elementor-widget-container\">\n\t\t\t\t\t\t\t\t\t<p>Les professionnels de la sant\u00e9 sont tenus de notifier tous les effets ind\u00e9sirables li\u00e9s \u00e0 l\u2019utilisation de m\u00e9dicaments. Un effet ind\u00e9sirable suspect\u00e9 peut \u00eatre notifi\u00e9 par l\u2019un des moyens suivants :<\/p><p>Vous pouvez nous contacter :<br \/>\u2013 par e-mail :\u00a0<a href=\"mailto:Drugsafety.Benelux@alfasigma.com\">Drugsafety.Benelux@alfasigma.com<\/a><br \/>\u2013 par t\u00e9l\u00e9phone : +32 9 312 30 09<\/p><p>Vous pouvez \u00e9galement notifier les effets ind\u00e9sirables directement aux autorit\u00e9s comp\u00e9tentes :<\/p><p><strong>Belgique<\/strong><br \/>Agence F\u00e9d\u00e9rale des M\u00e9dicaments et des Produits de Sant\u00e9<br \/>Surveillance des m\u00e9dicaments \u00e0 usage humain<br \/>EUROSTATION II<br \/>Place Victor Horta, 40\/40<br \/>B-1060 Bruxelles<br \/>Site internet :\u00a0www.afmps.be\/fr\/effet_indesirable<br \/>E-mail :\u00a0<a href=\"mailto:ADR@afmps.be\">ADR@afmps.be<\/a><\/p><p><strong>Luxembourg<\/strong><br \/>Direction de la Sant\u00e9 \u2013 Division de la Pharmacie et des M\u00e9dicaments<br \/>Villa Louvigny \u2013 All\u00e9e Marconi<br \/>L-2120 Luxembourg<br \/>Site internet :\u00a0http:\/\/www.ms.public.lu\/fr\/activites\/pharmacie-medicament\/index.html<\/p><p>En signalant les effets ind\u00e9sirables, vous contribuez \u00e0 fournir davantage d\u2019informations sur la s\u00e9curit\u00e9 des m\u00e9dicaments.<\/p>\t\t\t\t\t\t\t\t<\/div>\n\t\t\t\t<\/div>\n\t\t\t\t\t<\/div>\n\t\t<\/div>\n\t\t\t\t\t<\/div>\n\t\t<\/section>\n\t\t\t\t<\/div>\n\t\t","protected":false},"excerpt":{"rendered":"<p>a propos de nous\/ethique et transparence\/pharmacovigilance\/ Notifier des effets ind\u00e9sirables La pharmacovigilance est l\u2019ensemble des activit\u00e9s visant \u00e0 identifier, \u00e9valuer, comprendre et pr\u00e9venir les effets ind\u00e9sirables ou tout effet n\u00e9gatif et non souhait\u00e9 survenant apr\u00e8s l\u2019utilisation d\u2019un m\u00e9dicament. La notification d\u2019un effet ind\u00e9sirable li\u00e9 \u00e0 l\u2019utilisation d\u2019un m\u00e9dicament est extr\u00eamement pr\u00e9cieuse car il permet d\u2019informer &hellip; <a href=\"https:\/\/be.alfasigma.com\/fr\/a-propos-de-nous\/ethique-et-transparence\/pharmacovigilance\/\">Continued<\/a><\/p>\n","protected":false},"author":1,"featured_media":4590,"parent":4901,"menu_order":0,"comment_status":"closed","ping_status":"closed","template":"views\/template-custom.blade.php","meta":{"_acf_changed":false,"footnotes":""},"class_list":["post-4982","page","type-page","status-publish","has-post-thumbnail","hentry"],"acf":[],"yoast_head":"<!-- This site is optimized with the Yoast SEO plugin v27.3 - https:\/\/yoast.com\/product\/yoast-seo-wordpress\/ -->\n<title>Alfasigma BE - Pharmacovigilance<\/title>\n<meta name=\"robots\" content=\"index,follow\" \/>\n<link rel=\"canonical\" href=\"https:\/\/be.alfasigma.com\/fr\/a-propos-de-nous\/ethique-et-transparence\/pharmacovigilance\/\" \/>\n<meta property=\"og:locale\" content=\"fr_FR\" \/>\n<meta property=\"og:type\" content=\"article\" \/>\n<meta property=\"og:title\" content=\"Alfasigma BE - Pharmacovigilance\" \/>\n<meta property=\"og:description\" content=\"a propos de nous\/ethique et transparence\/pharmacovigilance\/ Notifier des effets ind\u00e9sirables La pharmacovigilance est l\u2019ensemble des activit\u00e9s visant \u00e0 identifier, \u00e9valuer, comprendre et pr\u00e9venir les effets ind\u00e9sirables ou tout effet n\u00e9gatif et non souhait\u00e9 survenant apr\u00e8s l\u2019utilisation d\u2019un m\u00e9dicament. La notification d\u2019un effet ind\u00e9sirable li\u00e9 \u00e0 l\u2019utilisation d\u2019un m\u00e9dicament est extr\u00eamement pr\u00e9cieuse car il permet d\u2019informer &hellip; Continued\" \/>\n<meta property=\"og:url\" content=\"https:\/\/be.alfasigma.com\/fr\/a-propos-de-nous\/ethique-et-transparence\/pharmacovigilance\/\" \/>\n<meta property=\"og:site_name\" content=\"Alfasigma BE\" \/>\n<meta property=\"article:modified_time\" content=\"2025-08-21T06:36:08+00:00\" \/>\n<meta property=\"og:image\" content=\"https:\/\/be.alfasigma.com\/wp-content\/uploads\/2020\/07\/POMEZIA_0819_FOTO_NICCOLO_BIDDAU-dida-1.jpg\" \/>\n\t<meta property=\"og:image:width\" content=\"1920\" \/>\n\t<meta property=\"og:image:height\" content=\"1080\" \/>\n\t<meta property=\"og:image:type\" content=\"image\/jpeg\" \/>\n<meta name=\"twitter:card\" content=\"summary_large_image\" \/>\n<meta name=\"twitter:label1\" content=\"Dur\u00e9e de lecture estim\u00e9e\" \/>\n\t<meta name=\"twitter:data1\" content=\"2 minutes\" \/>\n<script type=\"application\/ld+json\" class=\"yoast-schema-graph\">{\"@context\":\"https:\\\/\\\/schema.org\",\"@graph\":[{\"@type\":\"WebPage\",\"@id\":\"https:\\\/\\\/be.alfasigma.com\\\/fr\\\/a-propos-de-nous\\\/ethique-et-transparence\\\/pharmacovigilance\\\/\",\"url\":\"https:\\\/\\\/be.alfasigma.com\\\/fr\\\/a-propos-de-nous\\\/ethique-et-transparence\\\/pharmacovigilance\\\/\",\"name\":\"Alfasigma BE - Pharmacovigilance\",\"isPartOf\":{\"@id\":\"https:\\\/\\\/be.alfasigma.com\\\/nl\\\/#website\"},\"primaryImageOfPage\":{\"@id\":\"https:\\\/\\\/be.alfasigma.com\\\/fr\\\/a-propos-de-nous\\\/ethique-et-transparence\\\/pharmacovigilance\\\/#primaryimage\"},\"image\":{\"@id\":\"https:\\\/\\\/be.alfasigma.com\\\/fr\\\/a-propos-de-nous\\\/ethique-et-transparence\\\/pharmacovigilance\\\/#primaryimage\"},\"thumbnailUrl\":\"https:\\\/\\\/be.alfasigma.com\\\/wp-content\\\/uploads\\\/2020\\\/07\\\/POMEZIA_0819_FOTO_NICCOLO_BIDDAU-dida-1.jpg\",\"datePublished\":\"2020-05-13T12:47:15+00:00\",\"dateModified\":\"2025-08-21T06:36:08+00:00\",\"breadcrumb\":{\"@id\":\"https:\\\/\\\/be.alfasigma.com\\\/fr\\\/a-propos-de-nous\\\/ethique-et-transparence\\\/pharmacovigilance\\\/#breadcrumb\"},\"inLanguage\":\"fr-FR\",\"potentialAction\":[{\"@type\":\"ReadAction\",\"target\":[\"https:\\\/\\\/be.alfasigma.com\\\/fr\\\/a-propos-de-nous\\\/ethique-et-transparence\\\/pharmacovigilance\\\/\"]}]},{\"@type\":\"ImageObject\",\"inLanguage\":\"fr-FR\",\"@id\":\"https:\\\/\\\/be.alfasigma.com\\\/fr\\\/a-propos-de-nous\\\/ethique-et-transparence\\\/pharmacovigilance\\\/#primaryimage\",\"url\":\"https:\\\/\\\/be.alfasigma.com\\\/wp-content\\\/uploads\\\/2020\\\/07\\\/POMEZIA_0819_FOTO_NICCOLO_BIDDAU-dida-1.jpg\",\"contentUrl\":\"https:\\\/\\\/be.alfasigma.com\\\/wp-content\\\/uploads\\\/2020\\\/07\\\/POMEZIA_0819_FOTO_NICCOLO_BIDDAU-dida-1.jpg\",\"width\":1920,\"height\":1080},{\"@type\":\"BreadcrumbList\",\"@id\":\"https:\\\/\\\/be.alfasigma.com\\\/fr\\\/a-propos-de-nous\\\/ethique-et-transparence\\\/pharmacovigilance\\\/#breadcrumb\",\"itemListElement\":[{\"@type\":\"ListItem\",\"position\":1,\"name\":\"Home\",\"item\":\"https:\\\/\\\/be.alfasigma.com\\\/fr\\\/\"},{\"@type\":\"ListItem\",\"position\":2,\"name\":\"A propos de nous\",\"item\":\"https:\\\/\\\/be.alfasigma.com\\\/fr\\\/a-propos-de-nous\\\/\"},{\"@type\":\"ListItem\",\"position\":3,\"name\":\"\u00c9thique et transparence\",\"item\":\"https:\\\/\\\/be.alfasigma.com\\\/fr\\\/a-propos-de-nous\\\/ethique-et-transparence\\\/\"},{\"@type\":\"ListItem\",\"position\":4,\"name\":\"Pharmacovigilance\"}]},{\"@type\":\"WebSite\",\"@id\":\"https:\\\/\\\/be.alfasigma.com\\\/nl\\\/#website\",\"url\":\"https:\\\/\\\/be.alfasigma.com\\\/nl\\\/\",\"name\":\"Alfasigma BE\",\"description\":\"Pharmaceuticals with passion\",\"potentialAction\":[{\"@type\":\"SearchAction\",\"target\":{\"@type\":\"EntryPoint\",\"urlTemplate\":\"https:\\\/\\\/be.alfasigma.com\\\/nl\\\/?s={search_term_string}\"},\"query-input\":{\"@type\":\"PropertyValueSpecification\",\"valueRequired\":true,\"valueName\":\"search_term_string\"}}],\"inLanguage\":\"fr-FR\"}]}<\/script>\n<!-- \/ Yoast SEO plugin. -->","yoast_head_json":{"title":"Alfasigma BE - Pharmacovigilance","robots":{"index,follow":"index,follow"},"canonical":"https:\/\/be.alfasigma.com\/fr\/a-propos-de-nous\/ethique-et-transparence\/pharmacovigilance\/","og_locale":"fr_FR","og_type":"article","og_title":"Alfasigma BE - Pharmacovigilance","og_description":"a propos de nous\/ethique et transparence\/pharmacovigilance\/ Notifier des effets ind\u00e9sirables La pharmacovigilance est l\u2019ensemble des activit\u00e9s visant \u00e0 identifier, \u00e9valuer, comprendre et pr\u00e9venir les effets ind\u00e9sirables ou tout effet n\u00e9gatif et non souhait\u00e9 survenant apr\u00e8s l\u2019utilisation d\u2019un m\u00e9dicament. La notification d\u2019un effet ind\u00e9sirable li\u00e9 \u00e0 l\u2019utilisation d\u2019un m\u00e9dicament est extr\u00eamement pr\u00e9cieuse car il permet d\u2019informer &hellip; Continued","og_url":"https:\/\/be.alfasigma.com\/fr\/a-propos-de-nous\/ethique-et-transparence\/pharmacovigilance\/","og_site_name":"Alfasigma BE","article_modified_time":"2025-08-21T06:36:08+00:00","og_image":[{"width":1920,"height":1080,"url":"https:\/\/be.alfasigma.com\/wp-content\/uploads\/2020\/07\/POMEZIA_0819_FOTO_NICCOLO_BIDDAU-dida-1.jpg","type":"image\/jpeg"}],"twitter_card":"summary_large_image","twitter_misc":{"Dur\u00e9e de lecture estim\u00e9e":"2 minutes"},"schema":{"@context":"https:\/\/schema.org","@graph":[{"@type":"WebPage","@id":"https:\/\/be.alfasigma.com\/fr\/a-propos-de-nous\/ethique-et-transparence\/pharmacovigilance\/","url":"https:\/\/be.alfasigma.com\/fr\/a-propos-de-nous\/ethique-et-transparence\/pharmacovigilance\/","name":"Alfasigma BE - Pharmacovigilance","isPartOf":{"@id":"https:\/\/be.alfasigma.com\/nl\/#website"},"primaryImageOfPage":{"@id":"https:\/\/be.alfasigma.com\/fr\/a-propos-de-nous\/ethique-et-transparence\/pharmacovigilance\/#primaryimage"},"image":{"@id":"https:\/\/be.alfasigma.com\/fr\/a-propos-de-nous\/ethique-et-transparence\/pharmacovigilance\/#primaryimage"},"thumbnailUrl":"https:\/\/be.alfasigma.com\/wp-content\/uploads\/2020\/07\/POMEZIA_0819_FOTO_NICCOLO_BIDDAU-dida-1.jpg","datePublished":"2020-05-13T12:47:15+00:00","dateModified":"2025-08-21T06:36:08+00:00","breadcrumb":{"@id":"https:\/\/be.alfasigma.com\/fr\/a-propos-de-nous\/ethique-et-transparence\/pharmacovigilance\/#breadcrumb"},"inLanguage":"fr-FR","potentialAction":[{"@type":"ReadAction","target":["https:\/\/be.alfasigma.com\/fr\/a-propos-de-nous\/ethique-et-transparence\/pharmacovigilance\/"]}]},{"@type":"ImageObject","inLanguage":"fr-FR","@id":"https:\/\/be.alfasigma.com\/fr\/a-propos-de-nous\/ethique-et-transparence\/pharmacovigilance\/#primaryimage","url":"https:\/\/be.alfasigma.com\/wp-content\/uploads\/2020\/07\/POMEZIA_0819_FOTO_NICCOLO_BIDDAU-dida-1.jpg","contentUrl":"https:\/\/be.alfasigma.com\/wp-content\/uploads\/2020\/07\/POMEZIA_0819_FOTO_NICCOLO_BIDDAU-dida-1.jpg","width":1920,"height":1080},{"@type":"BreadcrumbList","@id":"https:\/\/be.alfasigma.com\/fr\/a-propos-de-nous\/ethique-et-transparence\/pharmacovigilance\/#breadcrumb","itemListElement":[{"@type":"ListItem","position":1,"name":"Home","item":"https:\/\/be.alfasigma.com\/fr\/"},{"@type":"ListItem","position":2,"name":"A propos de nous","item":"https:\/\/be.alfasigma.com\/fr\/a-propos-de-nous\/"},{"@type":"ListItem","position":3,"name":"\u00c9thique et transparence","item":"https:\/\/be.alfasigma.com\/fr\/a-propos-de-nous\/ethique-et-transparence\/"},{"@type":"ListItem","position":4,"name":"Pharmacovigilance"}]},{"@type":"WebSite","@id":"https:\/\/be.alfasigma.com\/nl\/#website","url":"https:\/\/be.alfasigma.com\/nl\/","name":"Alfasigma BE","description":"Pharmaceuticals with passion","potentialAction":[{"@type":"SearchAction","target":{"@type":"EntryPoint","urlTemplate":"https:\/\/be.alfasigma.com\/nl\/?s={search_term_string}"},"query-input":{"@type":"PropertyValueSpecification","valueRequired":true,"valueName":"search_term_string"}}],"inLanguage":"fr-FR"}]}},"_links":{"self":[{"href":"https:\/\/be.alfasigma.com\/fr\/wp-json\/wp\/v2\/pages\/4982","targetHints":{"allow":["GET"]}}],"collection":[{"href":"https:\/\/be.alfasigma.com\/fr\/wp-json\/wp\/v2\/pages"}],"about":[{"href":"https:\/\/be.alfasigma.com\/fr\/wp-json\/wp\/v2\/types\/page"}],"author":[{"embeddable":true,"href":"https:\/\/be.alfasigma.com\/fr\/wp-json\/wp\/v2\/users\/1"}],"replies":[{"embeddable":true,"href":"https:\/\/be.alfasigma.com\/fr\/wp-json\/wp\/v2\/comments?post=4982"}],"version-history":[{"count":33,"href":"https:\/\/be.alfasigma.com\/fr\/wp-json\/wp\/v2\/pages\/4982\/revisions"}],"predecessor-version":[{"id":6525,"href":"https:\/\/be.alfasigma.com\/fr\/wp-json\/wp\/v2\/pages\/4982\/revisions\/6525"}],"up":[{"embeddable":true,"href":"https:\/\/be.alfasigma.com\/fr\/wp-json\/wp\/v2\/pages\/4901"}],"wp:featuredmedia":[{"embeddable":true,"href":"https:\/\/be.alfasigma.com\/fr\/wp-json\/wp\/v2\/media\/4590"}],"wp:attachment":[{"href":"https:\/\/be.alfasigma.com\/fr\/wp-json\/wp\/v2\/media?parent=4982"}],"curies":[{"name":"wp","href":"https:\/\/api.w.org\/{rel}","templated":true}]}}