{"id":3722,"date":"2021-04-14T16:55:59","date_gmt":"2021-04-14T16:55:59","guid":{"rendered":"https:\/\/be.alfasigma.com\/?page_id=3722"},"modified":"2025-03-21T14:03:46","modified_gmt":"2025-03-21T14:03:46","slug":"relatie-hcp-hco","status":"publish","type":"page","link":"https:\/\/be.alfasigma.com\/nl\/over-ons\/ethiek-transparantie\/relatie-hcp-hco\/","title":{"rendered":"Relatie HCP\/HCO"},"content":{"rendered":"\t\t<div data-elementor-type=\"wp-page\" data-elementor-id=\"3722\" class=\"elementor elementor-3722\" data-elementor-post-type=\"page\">\n\t\t\t\t\t\t<section data-particle_enable=\"false\" data-particle-mobile-disabled=\"false\" class=\"elementor-section elementor-top-section elementor-element elementor-element-93aeffc elementor-section-stretched elementor-section-height-min-height elementor-section-items-top elementor-section-boxed elementor-section-height-default\" data-id=\"93aeffc\" data-element_type=\"section\" data-e-type=\"section\" data-settings=\"{&quot;stretch_section&quot;:&quot;section-stretched&quot;,&quot;background_background&quot;:&quot;classic&quot;}\">\n\t\t\t\t\t\t\t<div class=\"elementor-background-overlay\"><\/div>\n\t\t\t\t\t\t\t<div class=\"elementor-container elementor-column-gap-default\">\n\t\t\t\t\t<div class=\"elementor-column elementor-col-100 elementor-top-column elementor-element elementor-element-134e6b2\" data-id=\"134e6b2\" data-element_type=\"column\" data-e-type=\"column\">\n\t\t\t<div class=\"elementor-widget-wrap elementor-element-populated\">\n\t\t\t\t\t\t<div class=\"elementor-element elementor-element-2f531aa text-white font-weight-normal elementor-invisible elementor-widget elementor-widget-heading\" data-id=\"2f531aa\" data-element_type=\"widget\" data-e-type=\"widget\" data-settings=\"{&quot;_animation&quot;:&quot;slideInLeft&quot;}\" data-widget_type=\"heading.default\">\n\t\t\t\t<div class=\"elementor-widget-container\">\n\t\t\t\t\t<p class=\"elementor-heading-title elementor-size-default\">Over ons \/ Ethiek &amp; transparantie \/ Relatie tot gezondheidsmedewerkers (HCP : Healthcare Professionals) en zorginstellingen (HCO : Healthcare Organizations)<\/p>\t\t\t\t<\/div>\n\t\t\t\t<\/div>\n\t\t\t\t<div class=\"elementor-element elementor-element-0e73c21 text-white elementor-invisible elementor-widget elementor-widget-heading\" data-id=\"0e73c21\" data-element_type=\"widget\" data-e-type=\"widget\" data-settings=\"{&quot;_animation&quot;:&quot;slideInLeft&quot;}\" data-widget_type=\"heading.default\">\n\t\t\t\t<div class=\"elementor-widget-container\">\n\t\t\t\t\t<h1 class=\"elementor-heading-title elementor-size-default\">Interactie en ethiek<\/h1>\t\t\t\t<\/div>\n\t\t\t\t<\/div>\n\t\t\t\t\t<\/div>\n\t\t<\/div>\n\t\t\t\t\t<\/div>\n\t\t<\/section>\n\t\t\t\t<section data-particle_enable=\"false\" data-particle-mobile-disabled=\"false\" class=\"elementor-section elementor-top-section elementor-element elementor-element-5bc0b38 elementor-section-boxed elementor-section-height-default elementor-section-height-default\" data-id=\"5bc0b38\" data-element_type=\"section\" data-e-type=\"section\">\n\t\t\t\t\t\t<div class=\"elementor-container elementor-column-gap-default\">\n\t\t\t\t\t<div class=\"elementor-column elementor-col-100 elementor-top-column elementor-element elementor-element-10c501a elementor-invisible\" data-id=\"10c501a\" data-element_type=\"column\" data-e-type=\"column\" data-settings=\"{&quot;animation&quot;:&quot;fadeIn&quot;}\">\n\t\t\t<div class=\"elementor-widget-wrap elementor-element-populated\">\n\t\t\t\t\t\t<div class=\"elementor-element elementor-element-94c11e0 elementor-widget elementor-widget-text-editor\" data-id=\"94c11e0\" data-element_type=\"widget\" data-e-type=\"widget\" data-widget_type=\"text-editor.default\">\n\t\t\t\t<div class=\"elementor-widget-container\">\n\t\t\t\t\t\t\t\t\t<p>Samen groeien, transparantie en het centraal stellen van de pati\u00ebnt zijn waarden die ons leiden tijdens onze dialoog met de medische wereld. Het is de ongedwongen uitwisseling van kennis en ervaring met gezondheidsmedewerkers en zorginstellingen die ons in staat stelt om iedere dag vooruitgang te boeken in ons onderzoeks- en ontwikkelingstraject, met maar slechts met \u00e9\u00e9n doel: zorgen voor doeltreffendere behandelingen voor de pati\u00ebnten.<\/p><p>Onze relatie met de gezondheidsmedewerkers (HCP&#8217;s) en de zorginstellingen (HCO&#8217;s) uit zich op verschillende manieren: ontwikkelen van nieuwe geneesmiddelen door middel van klinische studies uitgevoerd in ziekenhuizen, universiteiten, openbare en private gezondheidsinstellingen, maar ook wetenschappelijk advies, congressen, seminaries en continue medische bijscholing (ECM-cursussen : Education in Medicine) georganiseerd door overheidsinstanties, wetenschappelijke verenigingen en geaccrediteerde initiatiefnemers.<br \/><br \/>Iedere samenwerking is niet alleen gebaseerd op nationale en internationale maatstaven, maar steunt op wederzijds respect voor ieders rol. Dit vindt plaats binnen een kader van ethische normen die bovendien streng worden gecontroleerd door derden.<\/p>\t\t\t\t\t\t\t\t<\/div>\n\t\t\t\t<\/div>\n\t\t\t\t\t<\/div>\n\t\t<\/div>\n\t\t\t\t\t<\/div>\n\t\t<\/section>\n\t\t\t\t<section data-particle_enable=\"false\" data-particle-mobile-disabled=\"false\" class=\"elementor-section elementor-top-section elementor-element elementor-element-d7143fa bg-primary elementor-section-boxed elementor-section-height-default elementor-section-height-default\" data-id=\"d7143fa\" data-element_type=\"section\" data-e-type=\"section\">\n\t\t\t\t\t\t<div class=\"elementor-container elementor-column-gap-extended\">\n\t\t\t\t\t<div class=\"elementor-column elementor-col-100 elementor-top-column elementor-element elementor-element-b290e4f elementor-invisible\" data-id=\"b290e4f\" data-element_type=\"column\" data-e-type=\"column\" data-settings=\"{&quot;animation&quot;:&quot;fadeIn&quot;}\">\n\t\t\t<div class=\"elementor-widget-wrap elementor-element-populated\">\n\t\t\t\t\t\t<div class=\"elementor-element elementor-element-dde97d7 elementor-widget elementor-widget-heading\" data-id=\"dde97d7\" data-element_type=\"widget\" data-e-type=\"widget\" data-widget_type=\"heading.default\">\n\t\t\t\t<div class=\"elementor-widget-container\">\n\t\t\t\t\t<h3 class=\"elementor-heading-title elementor-size-default\">Lees verder<\/h3>\t\t\t\t<\/div>\n\t\t\t\t<\/div>\n\t\t\t\t\t<\/div>\n\t\t<\/div>\n\t\t\t\t\t<\/div>\n\t\t<\/section>\n\t\t\t\t<section data-particle_enable=\"false\" data-particle-mobile-disabled=\"false\" class=\"elementor-section elementor-top-section elementor-element elementor-element-043d8bf bg-primary elementor-section-boxed elementor-section-height-default elementor-section-height-default\" data-id=\"043d8bf\" data-element_type=\"section\" data-e-type=\"section\" data-settings=\"{&quot;animation&quot;:&quot;none&quot;}\">\n\t\t\t\t\t\t<div class=\"elementor-container elementor-column-gap-extended\">\n\t\t\t\t\t<div class=\"elementor-column elementor-col-33 elementor-top-column elementor-element elementor-element-553e613 elementor-invisible\" data-id=\"553e613\" data-element_type=\"column\" data-e-type=\"column\" data-settings=\"{&quot;animation&quot;:&quot;zoomIn&quot;}\">\n\t\t\t<div class=\"elementor-widget-wrap elementor-element-populated\">\n\t\t\t\t\t\t<div class=\"elementor-element elementor-element-23dac28 elementor-cta--skin-classic elementor-animated-content elementor-bg-transform elementor-bg-transform-zoom-in elementor-widget elementor-widget-call-to-action\" data-id=\"23dac28\" data-element_type=\"widget\" data-e-type=\"widget\" data-widget_type=\"call-to-action.default\">\n\t\t\t\t<div class=\"elementor-widget-container\">\n\t\t\t\t\t\t\t<a class=\"elementor-cta\" href=\"https:\/\/be.alfasigma.com\/over-ons\/ethiek-transparantie\/ethische-code\/\">\n\t\t\t\t\t<div class=\"elementor-cta__bg-wrapper\">\n\t\t\t\t<div class=\"elementor-cta__bg elementor-bg\" style=\"background-image: url(https:\/\/be.alfasigma.com\/wp-content\/uploads\/2020\/07\/POMEZIA_0725_FOTO_NICCOLO_BIDDAU.jpg);\" role=\"img\" aria-label=\"POMEZIA_0725_FOTO_NICCOLO_BIDDAU\"><\/div>\n\t\t\t\t<div class=\"elementor-cta__bg-overlay\"><\/div>\n\t\t\t<\/div>\n\t\t\t\t\t\t\t\t<\/a>\n\t\t\t\t\t\t<\/div>\n\t\t\t\t<\/div>\n\t\t\t\t<div class=\"elementor-element elementor-element-5859ba5 elementor-widget elementor-widget-heading\" data-id=\"5859ba5\" data-element_type=\"widget\" data-e-type=\"widget\" data-widget_type=\"heading.default\">\n\t\t\t\t<div class=\"elementor-widget-container\">\n\t\t\t\t\t<h4 class=\"elementor-heading-title elementor-size-default\"><a href=\"https:\/\/be.alfasigma.com\/over-ons\/ethiek-transparantie\/ethische-code\/\">Etische code<\/a><\/h4>\t\t\t\t<\/div>\n\t\t\t\t<\/div>\n\t\t\t\t<div class=\"elementor-element elementor-element-2a2668a elementor-widget elementor-widget-text-editor\" data-id=\"2a2668a\" data-element_type=\"widget\" data-e-type=\"widget\" data-widget_type=\"text-editor.default\">\n\t\t\t\t<div class=\"elementor-widget-container\">\n\t\t\t\t\t\t\t\t\t<p>Een reeks sociale voorschriften tussen het bedrijf en alle interne en externe belanghebbenden met een bindende waarde voor de volledige Alfasigma-organisatie.<\/p>\t\t\t\t\t\t\t\t<\/div>\n\t\t\t\t<\/div>\n\t\t\t\t\t<\/div>\n\t\t<\/div>\n\t\t\t\t<div class=\"elementor-column elementor-col-33 elementor-top-column elementor-element elementor-element-d13a76c elementor-invisible\" data-id=\"d13a76c\" data-element_type=\"column\" data-e-type=\"column\" data-settings=\"{&quot;animation&quot;:&quot;zoomIn&quot;}\">\n\t\t\t<div class=\"elementor-widget-wrap elementor-element-populated\">\n\t\t\t\t\t\t<div class=\"elementor-element elementor-element-23e6a3d elementor-cta--skin-classic elementor-animated-content elementor-bg-transform elementor-bg-transform-zoom-in elementor-widget elementor-widget-call-to-action\" data-id=\"23e6a3d\" data-element_type=\"widget\" data-e-type=\"widget\" data-widget_type=\"call-to-action.default\">\n\t\t\t\t<div class=\"elementor-widget-container\">\n\t\t\t\t\t\t\t<a class=\"elementor-cta\" href=\"https:\/\/be.alfasigma.com\/over-ons\/ethiek-transparantie\/geneesmiddelenbewaking\/\">\n\t\t\t\t\t<div class=\"elementor-cta__bg-wrapper\">\n\t\t\t\t<div class=\"elementor-cta__bg elementor-bg\" style=\"background-image: url(https:\/\/be.alfasigma.com\/wp-content\/uploads\/2020\/05\/pharmacovigilance-alfasigma.jpg);\" role=\"img\" aria-label=\"pharmacovigilance-alfasigma\"><\/div>\n\t\t\t\t<div class=\"elementor-cta__bg-overlay\"><\/div>\n\t\t\t<\/div>\n\t\t\t\t\t\t\t\t<\/a>\n\t\t\t\t\t\t<\/div>\n\t\t\t\t<\/div>\n\t\t\t\t<div class=\"elementor-element elementor-element-dcbaec5 elementor-widget elementor-widget-heading\" data-id=\"dcbaec5\" data-element_type=\"widget\" data-e-type=\"widget\" data-widget_type=\"heading.default\">\n\t\t\t\t<div class=\"elementor-widget-container\">\n\t\t\t\t\t<h4 class=\"elementor-heading-title elementor-size-default\"><a href=\"https:\/\/be.alfasigma.com\/over-ons\/ethiek-transparantie\/geneesmiddelenbewaking\/\">Geneesmiddelenbewaking (Farmacovigilantie)<\/a><\/h4>\t\t\t\t<\/div>\n\t\t\t\t<\/div>\n\t\t\t\t<div class=\"elementor-element elementor-element-50ea675 elementor-widget elementor-widget-text-editor\" data-id=\"50ea675\" data-element_type=\"widget\" data-e-type=\"widget\" data-widget_type=\"text-editor.default\">\n\t\t\t\t<div class=\"elementor-widget-container\">\n\t\t\t\t\t\t\t\t\t<p>Het melden van bijwerkingen is belangrijk om pati\u00ebnten die geneesmiddelen gebruiken te beschermen en om een afweging tussen voordelen en risico\u2019s voor de bevolking te garanderen.<\/p>\t\t\t\t\t\t\t\t<\/div>\n\t\t\t\t<\/div>\n\t\t\t\t\t<\/div>\n\t\t<\/div>\n\t\t\t\t<div class=\"elementor-column elementor-col-33 elementor-top-column elementor-element elementor-element-f9222b2 elementor-invisible\" data-id=\"f9222b2\" data-element_type=\"column\" data-e-type=\"column\" data-settings=\"{&quot;animation&quot;:&quot;zoomIn&quot;}\">\n\t\t\t<div class=\"elementor-widget-wrap elementor-element-populated\">\n\t\t\t\t\t\t<div class=\"elementor-element elementor-element-e7cff93 elementor-cta--skin-classic elementor-animated-content elementor-bg-transform elementor-bg-transform-zoom-in elementor-widget elementor-widget-call-to-action\" data-id=\"e7cff93\" data-element_type=\"widget\" data-e-type=\"widget\" data-widget_type=\"call-to-action.default\">\n\t\t\t\t<div class=\"elementor-widget-container\">\n\t\t\t\t\t\t\t<a class=\"elementor-cta\" href=\"https:\/\/be.alfasigma.com\/mvo\/\">\n\t\t\t\t\t<div class=\"elementor-cta__bg-wrapper\">\n\t\t\t\t<div class=\"elementor-cta__bg elementor-bg\" style=\"background-image: url(https:\/\/be.alfasigma.com\/wp-content\/uploads\/2025\/03\/GettyImages-1173734083.jpg);\" role=\"img\" aria-label=\"GettyImages-1173734083\"><\/div>\n\t\t\t\t<div class=\"elementor-cta__bg-overlay\"><\/div>\n\t\t\t<\/div>\n\t\t\t\t\t\t\t\t<\/a>\n\t\t\t\t\t\t<\/div>\n\t\t\t\t<\/div>\n\t\t\t\t<div class=\"elementor-element elementor-element-309c6a5 elementor-widget elementor-widget-heading\" data-id=\"309c6a5\" data-element_type=\"widget\" data-e-type=\"widget\" data-widget_type=\"heading.default\">\n\t\t\t\t<div class=\"elementor-widget-container\">\n\t\t\t\t\t<h4 class=\"elementor-heading-title elementor-size-default\"><a href=\"https:\/\/be.alfasigma.com\/mvo\/\">Maatschappelijk Verantwoord Ondernemen (MVO)<\/a><\/h4>\t\t\t\t<\/div>\n\t\t\t\t<\/div>\n\t\t\t\t<div class=\"elementor-element elementor-element-05777ba elementor-widget elementor-widget-text-editor\" data-id=\"05777ba\" data-element_type=\"widget\" data-e-type=\"widget\" data-widget_type=\"text-editor.default\">\n\t\t\t\t<div class=\"elementor-widget-container\">\n\t\t\t\t\t\t\t\t\t<p>Tijdens de COVID-19-crisis hebben we hulpverleners een hart onder de riem gestoken en ondersteunden we hen door middel van tal van initiatieven wereldwijd.<\/p>\t\t\t\t\t\t\t\t<\/div>\n\t\t\t\t<\/div>\n\t\t\t\t\t<\/div>\n\t\t<\/div>\n\t\t\t\t\t<\/div>\n\t\t<\/section>\n\t\t\t\t<\/div>\n\t\t","protected":false},"excerpt":{"rendered":"<p>Over ons \/ Ethiek &amp; transparantie \/ Relatie tot gezondheidsmedewerkers (HCP : Healthcare Professionals) en zorginstellingen (HCO : Healthcare Organizations) Interactie en ethiek Samen groeien, transparantie en het centraal stellen van de pati\u00ebnt zijn waarden die ons leiden tijdens onze dialoog met de medische wereld. Het is de ongedwongen uitwisseling van kennis en ervaring met &hellip; <a href=\"https:\/\/be.alfasigma.com\/nl\/over-ons\/ethiek-transparantie\/relatie-hcp-hco\/\">Continued<\/a><\/p>\n","protected":false},"author":4,"featured_media":2025,"parent":189,"menu_order":0,"comment_status":"closed","ping_status":"closed","template":"views\/template-custom.blade.php","meta":{"_acf_changed":false,"footnotes":""},"class_list":["post-3722","page","type-page","status-publish","has-post-thumbnail","hentry"],"acf":[],"yoast_head":"<!-- This site is optimized with the Yoast SEO plugin v27.3 - https:\/\/yoast.com\/product\/yoast-seo-wordpress\/ -->\n<title>Alfasigma BE - Relatie HCP\/HCO<\/title>\n<meta name=\"robots\" content=\"index,follow\" \/>\n<link rel=\"canonical\" href=\"https:\/\/be.alfasigma.com\/nl\/over-ons\/ethiek-transparantie\/relatie-hcp-hco\/\" \/>\n<meta property=\"og:locale\" content=\"nl_NL\" \/>\n<meta property=\"og:type\" content=\"article\" \/>\n<meta property=\"og:title\" content=\"Alfasigma BE - Relatie HCP\/HCO\" \/>\n<meta property=\"og:description\" content=\"Over ons \/ Ethiek &amp; transparantie \/ Relatie tot gezondheidsmedewerkers (HCP : Healthcare Professionals) en zorginstellingen (HCO : Healthcare Organizations) Interactie en ethiek Samen groeien, transparantie en het centraal stellen van de pati\u00ebnt zijn waarden die ons leiden tijdens onze dialoog met de medische wereld. Het is de ongedwongen uitwisseling van kennis en ervaring met &hellip; Continued\" \/>\n<meta property=\"og:url\" content=\"https:\/\/be.alfasigma.com\/nl\/over-ons\/ethiek-transparantie\/relatie-hcp-hco\/\" \/>\n<meta property=\"og:site_name\" content=\"Alfasigma BE\" \/>\n<meta property=\"article:modified_time\" content=\"2025-03-21T14:03:46+00:00\" \/>\n<meta property=\"og:image\" content=\"https:\/\/be.alfasigma.com\/wp-content\/uploads\/2020\/07\/GettyImages-596435227.jpg\" \/>\n\t<meta property=\"og:image:width\" content=\"1920\" \/>\n\t<meta property=\"og:image:height\" content=\"1080\" \/>\n\t<meta property=\"og:image:type\" content=\"image\/jpeg\" \/>\n<meta name=\"twitter:card\" content=\"summary_large_image\" \/>\n<meta name=\"twitter:label1\" content=\"Geschatte leestijd\" \/>\n\t<meta name=\"twitter:data1\" content=\"2 minuten\" \/>\n<script type=\"application\/ld+json\" class=\"yoast-schema-graph\">{\"@context\":\"https:\\\/\\\/schema.org\",\"@graph\":[{\"@type\":\"WebPage\",\"@id\":\"https:\\\/\\\/be.alfasigma.com\\\/nl\\\/over-ons\\\/ethiek-transparantie\\\/relatie-hcp-hco\\\/\",\"url\":\"https:\\\/\\\/be.alfasigma.com\\\/nl\\\/over-ons\\\/ethiek-transparantie\\\/relatie-hcp-hco\\\/\",\"name\":\"Alfasigma BE - Relatie HCP\\\/HCO\",\"isPartOf\":{\"@id\":\"https:\\\/\\\/be.alfasigma.com\\\/nl\\\/#website\"},\"primaryImageOfPage\":{\"@id\":\"https:\\\/\\\/be.alfasigma.com\\\/nl\\\/over-ons\\\/ethiek-transparantie\\\/relatie-hcp-hco\\\/#primaryimage\"},\"image\":{\"@id\":\"https:\\\/\\\/be.alfasigma.com\\\/nl\\\/over-ons\\\/ethiek-transparantie\\\/relatie-hcp-hco\\\/#primaryimage\"},\"thumbnailUrl\":\"https:\\\/\\\/be.alfasigma.com\\\/wp-content\\\/uploads\\\/2020\\\/07\\\/GettyImages-596435227.jpg\",\"datePublished\":\"2021-04-14T16:55:59+00:00\",\"dateModified\":\"2025-03-21T14:03:46+00:00\",\"breadcrumb\":{\"@id\":\"https:\\\/\\\/be.alfasigma.com\\\/nl\\\/over-ons\\\/ethiek-transparantie\\\/relatie-hcp-hco\\\/#breadcrumb\"},\"inLanguage\":\"nl-NL\",\"potentialAction\":[{\"@type\":\"ReadAction\",\"target\":[\"https:\\\/\\\/be.alfasigma.com\\\/nl\\\/over-ons\\\/ethiek-transparantie\\\/relatie-hcp-hco\\\/\"]}]},{\"@type\":\"ImageObject\",\"inLanguage\":\"nl-NL\",\"@id\":\"https:\\\/\\\/be.alfasigma.com\\\/nl\\\/over-ons\\\/ethiek-transparantie\\\/relatie-hcp-hco\\\/#primaryimage\",\"url\":\"https:\\\/\\\/be.alfasigma.com\\\/wp-content\\\/uploads\\\/2020\\\/07\\\/GettyImages-596435227.jpg\",\"contentUrl\":\"https:\\\/\\\/be.alfasigma.com\\\/wp-content\\\/uploads\\\/2020\\\/07\\\/GettyImages-596435227.jpg\",\"width\":1920,\"height\":1080},{\"@type\":\"BreadcrumbList\",\"@id\":\"https:\\\/\\\/be.alfasigma.com\\\/nl\\\/over-ons\\\/ethiek-transparantie\\\/relatie-hcp-hco\\\/#breadcrumb\",\"itemListElement\":[{\"@type\":\"ListItem\",\"position\":1,\"name\":\"Home\",\"item\":\"https:\\\/\\\/be.alfasigma.com\\\/nl\\\/\"},{\"@type\":\"ListItem\",\"position\":2,\"name\":\"Over ons\",\"item\":\"https:\\\/\\\/be.alfasigma.com\\\/nl\\\/over-ons\\\/\"},{\"@type\":\"ListItem\",\"position\":3,\"name\":\"Ethiek &#038; Transparantie\",\"item\":\"https:\\\/\\\/be.alfasigma.com\\\/nl\\\/over-ons\\\/ethiek-transparantie\\\/\"},{\"@type\":\"ListItem\",\"position\":4,\"name\":\"Relatie HCP\\\/HCO\"}]},{\"@type\":\"WebSite\",\"@id\":\"https:\\\/\\\/be.alfasigma.com\\\/nl\\\/#website\",\"url\":\"https:\\\/\\\/be.alfasigma.com\\\/nl\\\/\",\"name\":\"Alfasigma BE\",\"description\":\"Pharmaceuticals with passion\",\"potentialAction\":[{\"@type\":\"SearchAction\",\"target\":{\"@type\":\"EntryPoint\",\"urlTemplate\":\"https:\\\/\\\/be.alfasigma.com\\\/nl\\\/?s={search_term_string}\"},\"query-input\":{\"@type\":\"PropertyValueSpecification\",\"valueRequired\":true,\"valueName\":\"search_term_string\"}}],\"inLanguage\":\"nl-NL\"}]}<\/script>\n<!-- \/ Yoast SEO plugin. -->","yoast_head_json":{"title":"Alfasigma BE - Relatie HCP\/HCO","robots":{"index,follow":"index,follow"},"canonical":"https:\/\/be.alfasigma.com\/nl\/over-ons\/ethiek-transparantie\/relatie-hcp-hco\/","og_locale":"nl_NL","og_type":"article","og_title":"Alfasigma BE - Relatie HCP\/HCO","og_description":"Over ons \/ Ethiek &amp; transparantie \/ Relatie tot gezondheidsmedewerkers (HCP : Healthcare Professionals) en zorginstellingen (HCO : Healthcare Organizations) Interactie en ethiek Samen groeien, transparantie en het centraal stellen van de pati\u00ebnt zijn waarden die ons leiden tijdens onze dialoog met de medische wereld. Het is de ongedwongen uitwisseling van kennis en ervaring met &hellip; Continued","og_url":"https:\/\/be.alfasigma.com\/nl\/over-ons\/ethiek-transparantie\/relatie-hcp-hco\/","og_site_name":"Alfasigma BE","article_modified_time":"2025-03-21T14:03:46+00:00","og_image":[{"width":1920,"height":1080,"url":"https:\/\/be.alfasigma.com\/wp-content\/uploads\/2020\/07\/GettyImages-596435227.jpg","type":"image\/jpeg"}],"twitter_card":"summary_large_image","twitter_misc":{"Geschatte leestijd":"2 minuten"},"schema":{"@context":"https:\/\/schema.org","@graph":[{"@type":"WebPage","@id":"https:\/\/be.alfasigma.com\/nl\/over-ons\/ethiek-transparantie\/relatie-hcp-hco\/","url":"https:\/\/be.alfasigma.com\/nl\/over-ons\/ethiek-transparantie\/relatie-hcp-hco\/","name":"Alfasigma BE - Relatie HCP\/HCO","isPartOf":{"@id":"https:\/\/be.alfasigma.com\/nl\/#website"},"primaryImageOfPage":{"@id":"https:\/\/be.alfasigma.com\/nl\/over-ons\/ethiek-transparantie\/relatie-hcp-hco\/#primaryimage"},"image":{"@id":"https:\/\/be.alfasigma.com\/nl\/over-ons\/ethiek-transparantie\/relatie-hcp-hco\/#primaryimage"},"thumbnailUrl":"https:\/\/be.alfasigma.com\/wp-content\/uploads\/2020\/07\/GettyImages-596435227.jpg","datePublished":"2021-04-14T16:55:59+00:00","dateModified":"2025-03-21T14:03:46+00:00","breadcrumb":{"@id":"https:\/\/be.alfasigma.com\/nl\/over-ons\/ethiek-transparantie\/relatie-hcp-hco\/#breadcrumb"},"inLanguage":"nl-NL","potentialAction":[{"@type":"ReadAction","target":["https:\/\/be.alfasigma.com\/nl\/over-ons\/ethiek-transparantie\/relatie-hcp-hco\/"]}]},{"@type":"ImageObject","inLanguage":"nl-NL","@id":"https:\/\/be.alfasigma.com\/nl\/over-ons\/ethiek-transparantie\/relatie-hcp-hco\/#primaryimage","url":"https:\/\/be.alfasigma.com\/wp-content\/uploads\/2020\/07\/GettyImages-596435227.jpg","contentUrl":"https:\/\/be.alfasigma.com\/wp-content\/uploads\/2020\/07\/GettyImages-596435227.jpg","width":1920,"height":1080},{"@type":"BreadcrumbList","@id":"https:\/\/be.alfasigma.com\/nl\/over-ons\/ethiek-transparantie\/relatie-hcp-hco\/#breadcrumb","itemListElement":[{"@type":"ListItem","position":1,"name":"Home","item":"https:\/\/be.alfasigma.com\/nl\/"},{"@type":"ListItem","position":2,"name":"Over ons","item":"https:\/\/be.alfasigma.com\/nl\/over-ons\/"},{"@type":"ListItem","position":3,"name":"Ethiek &#038; Transparantie","item":"https:\/\/be.alfasigma.com\/nl\/over-ons\/ethiek-transparantie\/"},{"@type":"ListItem","position":4,"name":"Relatie HCP\/HCO"}]},{"@type":"WebSite","@id":"https:\/\/be.alfasigma.com\/nl\/#website","url":"https:\/\/be.alfasigma.com\/nl\/","name":"Alfasigma BE","description":"Pharmaceuticals with passion","potentialAction":[{"@type":"SearchAction","target":{"@type":"EntryPoint","urlTemplate":"https:\/\/be.alfasigma.com\/nl\/?s={search_term_string}"},"query-input":{"@type":"PropertyValueSpecification","valueRequired":true,"valueName":"search_term_string"}}],"inLanguage":"nl-NL"}]}},"_links":{"self":[{"href":"https:\/\/be.alfasigma.com\/nl\/wp-json\/wp\/v2\/pages\/3722","targetHints":{"allow":["GET"]}}],"collection":[{"href":"https:\/\/be.alfasigma.com\/nl\/wp-json\/wp\/v2\/pages"}],"about":[{"href":"https:\/\/be.alfasigma.com\/nl\/wp-json\/wp\/v2\/types\/page"}],"author":[{"embeddable":true,"href":"https:\/\/be.alfasigma.com\/nl\/wp-json\/wp\/v2\/users\/4"}],"replies":[{"embeddable":true,"href":"https:\/\/be.alfasigma.com\/nl\/wp-json\/wp\/v2\/comments?post=3722"}],"version-history":[{"count":14,"href":"https:\/\/be.alfasigma.com\/nl\/wp-json\/wp\/v2\/pages\/3722\/revisions"}],"predecessor-version":[{"id":6433,"href":"https:\/\/be.alfasigma.com\/nl\/wp-json\/wp\/v2\/pages\/3722\/revisions\/6433"}],"up":[{"embeddable":true,"href":"https:\/\/be.alfasigma.com\/nl\/wp-json\/wp\/v2\/pages\/189"}],"wp:featuredmedia":[{"embeddable":true,"href":"https:\/\/be.alfasigma.com\/nl\/wp-json\/wp\/v2\/media\/2025"}],"wp:attachment":[{"href":"https:\/\/be.alfasigma.com\/nl\/wp-json\/wp\/v2\/media?parent=3722"}],"curies":[{"name":"wp","href":"https:\/\/api.w.org\/{rel}","templated":true}]}}